{"id":1295,"date":"2022-09-22T09:50:32","date_gmt":"2022-09-22T09:50:32","guid":{"rendered":"https:\/\/tavfervinhos.com\/produto\/serrado-harvest-rouge\/"},"modified":"2022-10-20T18:32:28","modified_gmt":"2022-10-20T18:32:28","slug":"serrado-harvest-rouge","status":"publish","type":"product","link":"https:\/\/tavfervinhos.com\/fr\/produto\/serrado-harvest-rouge\/","title":{"rendered":"Serrado Harvest Rouge"},"content":{"rendered":"<p>[et_pb_section fb_built=&#8221;1&#8243; _builder_version=&#8221;4.16&#8243; custom_padding=&#8221;0px||||false|false&#8221; global_colors_info=&#8221;{}&#8221;][et_pb_row _builder_version=&#8221;4.16&#8243; background_size=&#8221;initial&#8221; background_position=&#8221;top_left&#8221; background_repeat=&#8221;repeat&#8221; width=&#8221;100%&#8221; custom_padding=&#8221;0px||0px||false|false&#8221; global_colors_info=&#8221;{}&#8221;][et_pb_column type=&#8221;4_4&#8243; _builder_version=&#8221;4.16&#8243; custom_padding=&#8221;|||&#8221; global_colors_info=&#8221;{}&#8221; custom_padding__hover=&#8221;|||&#8221;][et_pb_wc_breadcrumb _builder_version=&#8221;4.16&#8243; global_colors_info=&#8221;{}&#8221;][\/et_pb_wc_breadcrumb][et_pb_wc_cart_notice _builder_version=&#8221;4.17.4&#8243; background_color=&#8221;#8F0447&#8243; custom_button=&#8221;on&#8221; button_text_size=&#8221;15px&#8221; button_text_color=&#8221;#8F0447&#8243; button_bg_color=&#8221;rgba(255,255,255,0.97)&#8221; custom_padding=&#8221;15px|15px|15px|15px|true|false&#8221; border_radii=&#8221;on|6px|6px|6px|6px&#8221; global_colors_info=&#8221;{}&#8221;][\/et_pb_wc_cart_notice][\/et_pb_column][\/et_pb_row][et_pb_row column_structure=&#8221;1_2,1_2&#8243; _builder_version=&#8221;4.16&#8243; background_size=&#8221;initial&#8221; background_position=&#8221;top_left&#8221; background_repeat=&#8221;repeat&#8221; width=&#8221;100%&#8221; custom_padding=&#8221;0px||||false|false&#8221; global_colors_info=&#8221;{}&#8221;][et_pb_column type=&#8221;1_2&#8243; _builder_version=&#8221;4.16&#8243; custom_padding=&#8221;|||&#8221; global_colors_info=&#8221;{}&#8221; custom_padding__hover=&#8221;|||&#8221;][et_pb_wc_images _builder_version=&#8221;4.17.4&#8243; border_color_all=&#8221;#FFFFFF&#8221; global_colors_info=&#8221;{}&#8221;][\/et_pb_wc_images][\/et_pb_column][et_pb_column type=&#8221;1_2&#8243; _builder_version=&#8221;4.16&#8243; custom_padding=&#8221;|||&#8221; global_colors_info=&#8221;{}&#8221; custom_padding__hover=&#8221;|||&#8221;][et_pb_wc_title _builder_version=&#8221;4.16&#8243; global_colors_info=&#8221;{}&#8221;][\/et_pb_wc_title][et_pb_wc_rating _builder_version=&#8221;4.16&#8243; global_colors_info=&#8221;{}&#8221;][\/et_pb_wc_rating][et_pb_wc_price _builder_version=&#8221;4.17.4&#8243; body_text_color=&#8221;#8F0447&#8243; global_colors_info=&#8221;{}&#8221;][\/et_pb_wc_price][et_pb_wc_description _builder_version=&#8221;4.17.4&#8243; global_colors_info=&#8221;{}&#8221;][\/et_pb_wc_description][et_pb_wc_add_to_cart _builder_version=&#8221;4.16&#8243; global_colors_info=&#8221;{}&#8221;][\/et_pb_wc_add_to_cart][et_pb_wc_meta _builder_version=&#8221;4.16&#8243; global_colors_info=&#8221;{}&#8221;][\/et_pb_wc_meta][\/et_pb_column][\/et_pb_row][et_pb_row _builder_version=&#8221;4.16&#8243; background_size=&#8221;initial&#8221; background_position=&#8221;top_left&#8221; background_repeat=&#8221;repeat&#8221; width=&#8221;100%&#8221; global_colors_info=&#8221;{}&#8221;][et_pb_column type=&#8221;4_4&#8243; _builder_version=&#8221;4.16&#8243; custom_padding=&#8221;|||&#8221; global_colors_info=&#8221;{}&#8221; custom_padding__hover=&#8221;|||&#8221;][et_pb_wc_tabs _builder_version=&#8221;4.16&#8243; global_colors_info=&#8221;{}&#8221;]\t\t\t\t\t[\/et_pb_wc_tabs][et_pb_wc_upsells _builder_version=&#8221;4.16&#8243; global_colors_info=&#8221;{}&#8221;][\/et_pb_wc_upsells][et_pb_wc_related_products icon_hover_color=&#8221;RGBA(255,255,255,0)&#8221; hover_overlay_color=&#8221;RGBA(255,255,255,0)&#8221; _builder_version=&#8221;4.17.4&#8243; custom_css_image=&#8221;max-width: 140px;||margin: 0 auto;&#8221; global_colors_info=&#8221;{}&#8221;][\/et_pb_wc_related_products][\/et_pb_column][\/et_pb_row][\/et_pb_section]<\/p>\n","protected":false},"excerpt":{"rendered":"<p>La vinification est faite \u00e0 partir d&#8217;une s\u00e9lection de raisins cultiv\u00e9s \u00e0 Quinta do Serrado.<br \/>Servir avec des viandes r\u00f4ties et des plats r\u00e9gionaux \u00e0 forte connotation sensorielle.<\/p>\n","protected":false},"featured_media":955,"comment_status":"open","ping_status":"closed","template":"","meta":{"_et_pb_use_builder":"on","_et_pb_old_content":"<p>VINIFICATION<br \/>La vinification est faite \u00e0 partir d'une s\u00e9lection de raisins cultiv\u00e9s \u00e0 Quinta do Serrado. Tous les raisins sont r\u00e9colt\u00e9s manuellement, apr\u00e8s un suivi rigoureux de la ferme jusqu'\u00e0 l'entr\u00e9e dans le chai, o\u00f9 une s\u00e9lection des raisins est effectu\u00e9e.<br \/>INFORMATIONS SUR LES ALLERG\u00c8NES<br \/>Contient des sulfites<br \/>NOTES DE D\u00c9GUSTATION<br \/>Couleur<br \/>Ruby<br \/>Saveur<br \/>Une perception agr\u00e9able de sensations fruit\u00e9es ressenties par voie nasale directe, finale avec des notes de fum\u00e9e et d'\u00e9pices.<br \/>Gastronomie<br \/>Servir avec des viandes r\u00f4ties et des plats r\u00e9gionaux \u00e0 forte connotation sensorielle.<\/p>","_et_gb_content_width":""},"product_cat":[156,165,141],"product_tag":[34,365,393,396],"class_list":["post-1295","product","type-product","status-publish","has-post-thumbnail","hentry","product_cat-dao-fr","product_cat-rouge-fr","product_cat-vins","product_tag-34","product_tag-2019-fr","product_tag-rouge","product_tag-vin"],"acf":[],"yoast_head":"<!-- This site is optimized with the Yoast SEO plugin v20.8 - https:\/\/yoast.com\/wordpress\/plugins\/seo\/ -->\n<title>Serrado Harvest Rouge - Tavfer Vinhos<\/title>\n<meta name=\"description\" content=\"La Quinta do Serrado est l&#039;un des domaines ayant le plus d&#039;histoire dans cette r\u00e9gion d\u00e9limit\u00e9e, qui donne naissance \u00e0 des vins d&#039;excellence. Commandez dans notre boutique en ligne !\" \/>\n<meta name=\"robots\" content=\"index, follow, max-snippet:-1, max-image-preview:large, max-video-preview:-1\" \/>\n<link rel=\"canonical\" href=\"https:\/\/tavfervinhos.com\/produto\/serrado-colheita-tinto\/\" \/>\n<meta property=\"og:locale\" content=\"fr_FR\" \/>\n<meta property=\"og:type\" content=\"article\" \/>\n<meta property=\"og:title\" content=\"Serrado Harvest Rouge - Tavfer Vinhos\" \/>\n<meta property=\"og:description\" content=\"La Quinta do Serrado est l&#039;un des domaines ayant le plus d&#039;histoire dans cette r\u00e9gion d\u00e9limit\u00e9e, qui donne naissance \u00e0 des vins d&#039;excellence. Commandez dans notre boutique en ligne !\" \/>\n<meta property=\"og:url\" content=\"https:\/\/tavfervinhos.com\/produto\/serrado-colheita-tinto\/\" \/>\n<meta property=\"og:site_name\" content=\"Tavfer Vinhos\" \/>\n<meta property=\"article:publisher\" content=\"https:\/\/www.facebook.com\/Tavfer-Vinhos\" \/>\n<meta property=\"article:modified_time\" content=\"2022-10-20T18:32:28+00:00\" \/>\n<meta property=\"og:image\" content=\"https:\/\/tavfervinhos.com\/wp-content\/uploads\/2022\/09\/Serrado-Colheita-Tinto-1.jpeg\" \/>\n\t<meta property=\"og:image:width\" content=\"430\" \/>\n\t<meta property=\"og:image:height\" content=\"929\" \/>\n\t<meta property=\"og:image:type\" content=\"image\/jpeg\" \/>\n<meta name=\"twitter:card\" content=\"summary_large_image\" \/>\n<meta name=\"twitter:label1\" content=\"Dur\u00e9e de lecture estim\u00e9e\" \/>\n\t<meta name=\"twitter:data1\" content=\"2 minutes\" \/>\n<script type=\"application\/ld+json\" class=\"yoast-schema-graph\">{\"@context\":\"https:\/\/schema.org\",\"@graph\":[{\"@type\":\"WebPage\",\"@id\":\"https:\/\/tavfervinhos.com\/produto\/serrado-colheita-tinto\/\",\"url\":\"https:\/\/tavfervinhos.com\/produto\/serrado-colheita-tinto\/\",\"name\":\"Serrado Harvest Rouge - Tavfer Vinhos\",\"isPartOf\":{\"@id\":\"https:\/\/tavfervinhos.com\/#website\"},\"datePublished\":\"2022-09-22T09:50:32+00:00\",\"dateModified\":\"2022-10-20T18:32:28+00:00\",\"description\":\"La Quinta do Serrado est l'un des domaines ayant le plus d'histoire dans cette r\u00e9gion d\u00e9limit\u00e9e, qui donne naissance \u00e0 des vins d'excellence. Commandez dans notre boutique en ligne !\",\"breadcrumb\":{\"@id\":\"https:\/\/tavfervinhos.com\/produto\/serrado-colheita-tinto\/#breadcrumb\"},\"inLanguage\":\"fr-FR\",\"potentialAction\":[{\"@type\":\"ReadAction\",\"target\":[\"https:\/\/tavfervinhos.com\/produto\/serrado-colheita-tinto\/\"]}]},{\"@type\":\"BreadcrumbList\",\"@id\":\"https:\/\/tavfervinhos.com\/produto\/serrado-colheita-tinto\/#breadcrumb\",\"itemListElement\":[{\"@type\":\"ListItem\",\"position\":1,\"name\":\"In\u00edcio\",\"item\":\"https:\/\/tavfervinhos.com\/\"},{\"@type\":\"ListItem\",\"position\":2,\"name\":\"Loja\",\"item\":\"https:\/\/tavfervinhos.com\/loja\/\"},{\"@type\":\"ListItem\",\"position\":3,\"name\":\"Serrado Harvest Rouge\"}]},{\"@type\":\"WebSite\",\"@id\":\"https:\/\/tavfervinhos.com\/#website\",\"url\":\"https:\/\/tavfervinhos.com\/\",\"name\":\"Tavfer Vinhos\",\"description\":\"Tavfer vinhos\",\"publisher\":{\"@id\":\"https:\/\/tavfervinhos.com\/#organization\"},\"potentialAction\":[{\"@type\":\"SearchAction\",\"target\":{\"@type\":\"EntryPoint\",\"urlTemplate\":\"https:\/\/tavfervinhos.com\/?s={search_term_string}\"},\"query-input\":\"required name=search_term_string\"}],\"inLanguage\":\"fr-FR\"},{\"@type\":\"Organization\",\"@id\":\"https:\/\/tavfervinhos.com\/#organization\",\"name\":\"Tavfer Vinhos\",\"url\":\"https:\/\/tavfervinhos.com\/\",\"logo\":{\"@type\":\"ImageObject\",\"inLanguage\":\"fr-FR\",\"@id\":\"https:\/\/tavfervinhos.com\/#\/schema\/logo\/image\/\",\"url\":\"https:\/\/tavfervinhos.com\/wp-content\/uploads\/2022\/09\/logo.png\",\"contentUrl\":\"https:\/\/tavfervinhos.com\/wp-content\/uploads\/2022\/09\/logo.png\",\"width\":501,\"height\":96,\"caption\":\"Tavfer Vinhos\"},\"image\":{\"@id\":\"https:\/\/tavfervinhos.com\/#\/schema\/logo\/image\/\"},\"sameAs\":[\"https:\/\/www.facebook.com\/Tavfer-Vinhos\"]}]}<\/script>\n<!-- \/ Yoast SEO plugin. -->","yoast_head_json":{"title":"Serrado Harvest Rouge - Tavfer Vinhos","description":"La Quinta do Serrado est l'un des domaines ayant le plus d'histoire dans cette r\u00e9gion d\u00e9limit\u00e9e, qui donne naissance \u00e0 des vins d'excellence. Commandez dans notre boutique en ligne !","robots":{"index":"index","follow":"follow","max-snippet":"max-snippet:-1","max-image-preview":"max-image-preview:large","max-video-preview":"max-video-preview:-1"},"canonical":"https:\/\/tavfervinhos.com\/produto\/serrado-colheita-tinto\/","og_locale":"fr_FR","og_type":"article","og_title":"Serrado Harvest Rouge - Tavfer Vinhos","og_description":"La Quinta do Serrado est l'un des domaines ayant le plus d'histoire dans cette r\u00e9gion d\u00e9limit\u00e9e, qui donne naissance \u00e0 des vins d'excellence. Commandez dans notre boutique en ligne !","og_url":"https:\/\/tavfervinhos.com\/produto\/serrado-colheita-tinto\/","og_site_name":"Tavfer Vinhos","article_publisher":"https:\/\/www.facebook.com\/Tavfer-Vinhos","article_modified_time":"2022-10-20T18:32:28+00:00","og_image":[{"width":430,"height":929,"url":"https:\/\/tavfervinhos.com\/wp-content\/uploads\/2022\/09\/Serrado-Colheita-Tinto-1.jpeg","type":"image\/jpeg"}],"twitter_card":"summary_large_image","twitter_misc":{"Dur\u00e9e de lecture estim\u00e9e":"2 minutes"},"schema":{"@context":"https:\/\/schema.org","@graph":[{"@type":"WebPage","@id":"https:\/\/tavfervinhos.com\/produto\/serrado-colheita-tinto\/","url":"https:\/\/tavfervinhos.com\/produto\/serrado-colheita-tinto\/","name":"Serrado Harvest Rouge - Tavfer Vinhos","isPartOf":{"@id":"https:\/\/tavfervinhos.com\/#website"},"datePublished":"2022-09-22T09:50:32+00:00","dateModified":"2022-10-20T18:32:28+00:00","description":"La Quinta do Serrado est l'un des domaines ayant le plus d'histoire dans cette r\u00e9gion d\u00e9limit\u00e9e, qui donne naissance \u00e0 des vins d'excellence. Commandez dans notre boutique en ligne !","breadcrumb":{"@id":"https:\/\/tavfervinhos.com\/produto\/serrado-colheita-tinto\/#breadcrumb"},"inLanguage":"fr-FR","potentialAction":[{"@type":"ReadAction","target":["https:\/\/tavfervinhos.com\/produto\/serrado-colheita-tinto\/"]}]},{"@type":"BreadcrumbList","@id":"https:\/\/tavfervinhos.com\/produto\/serrado-colheita-tinto\/#breadcrumb","itemListElement":[{"@type":"ListItem","position":1,"name":"In\u00edcio","item":"https:\/\/tavfervinhos.com\/"},{"@type":"ListItem","position":2,"name":"Loja","item":"https:\/\/tavfervinhos.com\/loja\/"},{"@type":"ListItem","position":3,"name":"Serrado Harvest Rouge"}]},{"@type":"WebSite","@id":"https:\/\/tavfervinhos.com\/#website","url":"https:\/\/tavfervinhos.com\/","name":"Tavfer Vinhos","description":"Tavfer vinhos","publisher":{"@id":"https:\/\/tavfervinhos.com\/#organization"},"potentialAction":[{"@type":"SearchAction","target":{"@type":"EntryPoint","urlTemplate":"https:\/\/tavfervinhos.com\/?s={search_term_string}"},"query-input":"required name=search_term_string"}],"inLanguage":"fr-FR"},{"@type":"Organization","@id":"https:\/\/tavfervinhos.com\/#organization","name":"Tavfer Vinhos","url":"https:\/\/tavfervinhos.com\/","logo":{"@type":"ImageObject","inLanguage":"fr-FR","@id":"https:\/\/tavfervinhos.com\/#\/schema\/logo\/image\/","url":"https:\/\/tavfervinhos.com\/wp-content\/uploads\/2022\/09\/logo.png","contentUrl":"https:\/\/tavfervinhos.com\/wp-content\/uploads\/2022\/09\/logo.png","width":501,"height":96,"caption":"Tavfer Vinhos"},"image":{"@id":"https:\/\/tavfervinhos.com\/#\/schema\/logo\/image\/"},"sameAs":["https:\/\/www.facebook.com\/Tavfer-Vinhos"]}]}},"_links":{"self":[{"href":"https:\/\/tavfervinhos.com\/fr\/wp-json\/wp\/v2\/product\/1295","targetHints":{"allow":["GET"]}}],"collection":[{"href":"https:\/\/tavfervinhos.com\/fr\/wp-json\/wp\/v2\/product"}],"about":[{"href":"https:\/\/tavfervinhos.com\/fr\/wp-json\/wp\/v2\/types\/product"}],"replies":[{"embeddable":true,"href":"https:\/\/tavfervinhos.com\/fr\/wp-json\/wp\/v2\/comments?post=1295"}],"wp:featuredmedia":[{"embeddable":true,"href":"https:\/\/tavfervinhos.com\/fr\/wp-json\/wp\/v2\/media\/955"}],"wp:attachment":[{"href":"https:\/\/tavfervinhos.com\/fr\/wp-json\/wp\/v2\/media?parent=1295"}],"wp:term":[{"taxonomy":"product_cat","embeddable":true,"href":"https:\/\/tavfervinhos.com\/fr\/wp-json\/wp\/v2\/product_cat?post=1295"},{"taxonomy":"product_tag","embeddable":true,"href":"https:\/\/tavfervinhos.com\/fr\/wp-json\/wp\/v2\/product_tag?post=1295"}],"curies":[{"name":"wp","href":"https:\/\/api.w.org\/{rel}","templated":true}]}}