{"id":1267,"date":"2022-09-05T15:47:05","date_gmt":"2022-09-05T15:47:05","guid":{"rendered":"https:\/\/tavfervinhos.com\/domaines\/"},"modified":"2022-10-20T16:25:16","modified_gmt":"2022-10-20T16:25:16","slug":"domaines","status":"publish","type":"page","link":"https:\/\/tavfervinhos.com\/fr\/domaines\/","title":{"rendered":"Domaines"},"content":{"rendered":"<p>[et_pb_section fb_built=&#8221;1&#8243; admin_label=&#8221;Header&#8221; _builder_version=&#8221;4.17.4&#8243; _module_preset=&#8221;default&#8221; background_color=&#8221;#f9f5f1&#8243; top_divider_style=&#8221;mountains2&#8243; top_divider_color=&#8221;#FFFFFF&#8221; top_divider_height=&#8221;240px&#8221; top_divider_flip=&#8221;horizontal|vertical&#8221; global_colors_info=&#8221;{}&#8221;][et_pb_row column_structure=&#8221;2_3,1_3&#8243; custom_padding_last_edited=&#8221;on|tablet&#8221; _builder_version=&#8221;4.16&#8243; _module_preset=&#8221;default&#8221; z_index=&#8221;10&#8243; custom_padding=&#8221;|20px|||false|false&#8221; custom_padding_tablet=&#8221;&#8221; custom_padding_phone=&#8221;&#8221; global_colors_info=&#8221;{}&#8221;][et_pb_column type=&#8221;2_3&#8243; _builder_version=&#8221;4.16&#8243; _module_preset=&#8221;default&#8221; global_colors_info=&#8221;{}&#8221;][et_pb_text _builder_version=&#8221;4.16&#8243; _module_preset=&#8221;default&#8221; text_font=&#8221;Lora||||||||&#8221; text_line_height=&#8221;2em&#8221; header_text_color=&#8221;#280400&#8243; header_font_size=&#8221;110px&#8221; max_width=&#8221;880px&#8221; header_font_size_tablet=&#8221;60px&#8221; header_font_size_phone=&#8221;40px&#8221; header_font_size_last_edited=&#8221;on|phone&#8221; global_colors_info=&#8221;{}&#8221;]<\/p>\n<h1>Domaines<\/h1>\n<p>[\/et_pb_text][\/et_pb_column][et_pb_column type=&#8221;1_3&#8243; _builder_version=&#8221;4.16&#8243; _module_preset=&#8221;default&#8221; global_colors_info=&#8221;{}&#8221;][\/et_pb_column][\/et_pb_row][et_pb_row _builder_version=&#8221;4.16&#8243; _module_preset=&#8221;default&#8221; locked=&#8221;off&#8221; global_colors_info=&#8221;{}&#8221;][et_pb_column type=&#8221;4_4&#8243; _builder_version=&#8221;4.16&#8243; _module_preset=&#8221;default&#8221; global_colors_info=&#8221;{}&#8221;][et_pb_image src=&#8221;https:\/\/tavfervinhos.com\/wp-content\/uploads\/2022\/09\/winery-66.jpg&#8221; title_text=&#8221;winery-66&#8243; _builder_version=&#8221;4.16&#8243; _module_preset=&#8221;default&#8221; min_height=&#8221;314px&#8221; global_colors_info=&#8221;{}&#8221;][\/et_pb_image][\/et_pb_column][\/et_pb_row][\/et_pb_section][et_pb_section fb_built=&#8221;1&#8243; _builder_version=&#8221;4.17.4&#8243; _module_preset=&#8221;default&#8221; background_color=&#8221;#FFFFFF&#8221; custom_margin=&#8221;||50px|||&#8221; custom_padding=&#8221;100px||100px||false|false&#8221; top_divider_style=&#8221;mountains2&#8243; top_divider_color=&#8221;#F9F5F1&#8243; bottom_divider_style=&#8221;mountains2&#8243; bottom_divider_color=&#8221;#F9F5F1&#8243; global_colors_info=&#8221;{}&#8221;][et_pb_row column_structure=&#8221;1_2,1_2&#8243; _builder_version=&#8221;4.17.4&#8243; _module_preset=&#8221;default&#8221; custom_padding=&#8221;48px||50px|||&#8221; global_colors_info=&#8221;{}&#8221;][et_pb_column type=&#8221;1_2&#8243; _builder_version=&#8221;4.17.4&#8243; _module_preset=&#8221;default&#8221; global_colors_info=&#8221;{}&#8221;][et_pb_text _builder_version=&#8221;4.17.4&#8243; _module_preset=&#8221;default&#8221; text_font=&#8221;Poppins|300|||||||&#8221; header_font=&#8221;Lora|600|||||||&#8221; header_font_size=&#8221;40px&#8221; header_line_height=&#8221;2em&#8221; global_colors_info=&#8221;{}&#8221;]<\/p>\n<h1>Haut Douro\u00a0<\/h1>\n<p>Notre strat\u00e9gie d&#8217;entr\u00e9e dans la r\u00e9gion d\u00e9limit\u00e9e du Douro \u00e9tait ax\u00e9e, comme dans celle du D\u00e3o, sur l&#8217;acquisition de vignobles dot\u00e9s d&#8217;un <em>terroir<\/em> et d&#8217;une excellente r\u00e9putation en mati\u00e8re de production de raisins, en tenant compte \u00e9galement de nos objectifs commerciaux \u00e0 long terme.<\/p>\n<p>C&#8217;est pourquoi nous concentrons nos recherches sur la vall\u00e9e du Pocinho o\u00f9 nous disposons d&#8217;environ 40 hectares des meilleurs vignobles, r\u00e9partis sur trois domaines (Quinta das Braceiras, Vale Marianes et Vale da Vila) et de plus de 30 hectares r\u00e9partis sur des oliveraies et d&#8217;autres cultures permanentes.<\/p>\n<p>[\/et_pb_text][et_pb_button button_url=&#8221;@ET-DC@eyJkeW5hbWljIjp0cnVlLCJjb250ZW50IjoicG9zdF9saW5rX3VybF9wYWdlIiwic2V0dGluZ3MiOnsicG9zdF9pZCI6IjIxMCJ9fQ==@&#8221; button_text=&#8221;Lire plus&#8221; _builder_version=&#8221;4.17.4&#8243; _dynamic_attributes=&#8221;button_url&#8221; _module_preset=&#8221;default&#8221; custom_button=&#8221;on&#8221; button_text_size=&#8221;15px&#8221; button_text_color=&#8221;#FFFFFF&#8221; button_bg_color=&#8221;#8F0447&#8243; button_border_width=&#8221;0px&#8221; button_border_radius=&#8221;0px&#8221; button_letter_spacing=&#8221;0px&#8221; button_font=&#8221;Poppins||||||||&#8221; button_use_icon=&#8221;off&#8221; custom_padding=&#8221;8px|25px|8px|25px|true|true&#8221; global_colors_info=&#8221;{}&#8221;][\/et_pb_button][\/et_pb_column][et_pb_column type=&#8221;1_2&#8243; _builder_version=&#8221;4.17.4&#8243; _module_preset=&#8221;default&#8221; global_colors_info=&#8221;{}&#8221;][et_pb_text _builder_version=&#8221;4.17.4&#8243; _module_preset=&#8221;default&#8221; text_font=&#8221;Poppins|300|||||||&#8221; header_font=&#8221;Lora|600|||||||&#8221; header_font_size=&#8221;40px&#8221; header_line_height=&#8221;2em&#8221; global_colors_info=&#8221;{}&#8221;]<\/p>\n<h1>D\u00e3o<\/h1>\n<p>C&#8217;est dans cette r\u00e9gion d\u00e9limit\u00e9e qu\u2019est n\u00e9e, dans les ann\u00e9es 90, la volont\u00e9 de vouloir faire quelque chose de diff\u00e9rent. Tout a commenc\u00e9 \u00e0 Quinta Picos do Couto qui, naturellement, a une signification particuli\u00e8re pour nous.<\/p>\n<p>&nbsp;<\/p>\n<p>Ce domaine, situ\u00e9 dans la municipalit\u00e9 de T\u00e1bua, ainsi que toutes les autres que nous avons acquis au fil des ans, couvrent une superficie de plus de 30 hectares de vignobls, produisant des vins rouges, blancs, mousseux et ros\u00e9s.<\/p>\n<p>[\/et_pb_text][et_pb_button button_url=&#8221;@ET-DC@eyJkeW5hbWljIjp0cnVlLCJjb250ZW50IjoicG9zdF9saW5rX3VybF9wYWdlIiwic2V0dGluZ3MiOnsicG9zdF9pZCI6IjIzMSJ9fQ==@&#8221; button_text=&#8221;Lire plus&#8221; _builder_version=&#8221;4.17.4&#8243; _dynamic_attributes=&#8221;button_url&#8221; _module_preset=&#8221;default&#8221; custom_button=&#8221;on&#8221; button_text_size=&#8221;15px&#8221; button_text_color=&#8221;#FFFFFF&#8221; button_bg_color=&#8221;#8F0447&#8243; button_border_width=&#8221;0px&#8221; button_border_radius=&#8221;0px&#8221; button_letter_spacing=&#8221;0px&#8221; button_font=&#8221;Poppins||||||||&#8221; button_use_icon=&#8221;off&#8221; custom_padding=&#8221;8px|25px|8px|25px|true|true&#8221; hover_enabled=&#8221;0&#8243; global_colors_info=&#8221;{}&#8221; sticky_enabled=&#8221;0&#8243;][\/et_pb_button][\/et_pb_column][\/et_pb_row][\/et_pb_section][et_pb_section fb_built=&#8221;1&#8243; specialty=&#8221;on&#8221; admin_label=&#8221;Footer&#8221; _builder_version=&#8221;4.17.4&#8243; _module_preset=&#8221;default&#8221; background_color=&#8221;#FFFFFF&#8221; use_background_color_gradient=&#8221;on&#8221; background_color_gradient_direction=&#8221;90deg&#8221; background_color_gradient_stops=&#8221;#f9f5f1 60%|#e8e2d7 60%&#8221; background_color_gradient_start=&#8221;#f9f5f1&#8243; background_color_gradient_start_position=&#8221;60%&#8221; background_color_gradient_end=&#8221;#e8e2d7&#8243; background_color_gradient_end_position=&#8221;3%&#8221; background_image=&#8221;https:\/\/tavfervinhos.com\/wp-content\/uploads\/2022\/09\/winery-37.png&#8221; background_size=&#8221;initial&#8221; custom_margin=&#8221;0px||0px||true|false&#8221; custom_padding=&#8221;100px||30px||false|false&#8221; background_last_edited=&#8221;on|desktop&#8221; background_color_gradient_stops_tablet=&#8221;#f9f5f1 80%|#e8e2d7 80%&#8221; background_color_gradient_stops_phone=&#8221;#f9f5f1 75%|#e8e2d7 75%&#8221; background_color_gradient_start_position_tablet=&#8221;80%&#8221; background_color_gradient_start_position_phone=&#8221;75%&#8221; background_color_gradient_end_position_tablet=&#8221;80%&#8221; background_color_gradient_end_position_phone=&#8221;75%&#8221; background_position_tablet=&#8221;bottom_center&#8221; global_module=&#8221;196&#8243; global_colors_info=&#8221;{}&#8221;][et_pb_column type=&#8221;1_2&#8243; _builder_version=&#8221;4.16&#8243; _module_preset=&#8221;default&#8221; custom_padding=&#8221;|||&#8221; global_colors_info=&#8221;{}&#8221; custom_padding__hover=&#8221;|||&#8221;][et_pb_text _builder_version=&#8221;4.17.4&#8243; _module_preset=&#8221;default&#8221; text_font=&#8221;Lora||||||||&#8221; header_2_font=&#8221;|||on|||||&#8221; header_2_text_color=&#8221;#280400&#8243; header_2_font_size=&#8221;65px&#8221; header_2_letter_spacing=&#8221;8px&#8221; header_2_line_height=&#8221;1.2em&#8221; max_width_tablet=&#8221;&#8221; max_width_phone=&#8221;&#8221; max_width_last_edited=&#8221;on|desktop&#8221; header_2_font_size_tablet=&#8221;40px&#8221; header_2_font_size_phone=&#8221;28px&#8221; header_2_font_size_last_edited=&#8221;on|phone&#8221; header_2_line_height_tablet=&#8221;1.4em&#8221; header_2_line_height_phone=&#8221;&#8221; header_2_line_height_last_edited=&#8221;on|phone&#8221; locked=&#8221;off&#8221; global_colors_info=&#8221;{}&#8221;]<\/p>\n<h2>Visitez-nous \u00e0<\/h2>\n<p>[\/et_pb_text][et_pb_text _builder_version=&#8221;4.17.4&#8243; _module_preset=&#8221;default&#8221; text_font=&#8221;Lora|500|||||||&#8221; text_font_size=&#8221;16px&#8221; text_line_height=&#8221;2em&#8221; max_width=&#8221;380px&#8221; max_width_tablet=&#8221;100%&#8221; max_width_phone=&#8221;&#8221; max_width_last_edited=&#8221;on|tablet&#8221; locked=&#8221;off&#8221; global_colors_info=&#8221;{}&#8221;]<\/p>\n<p><em>Venez visiter nos vignobles, entour\u00e9s d&#8217;un paysage unique, o\u00f9 vous pourrez d\u00e9guster nos vins. Pendant que vous n&#8217;\u00eates pas en visite chez nous, achetez ici dans notre boutique en ligne. \u00c0 votre pr\u00e9f\u00e9rence !<\/em><\/p>\n<p>[\/et_pb_text][\/et_pb_column][et_pb_column type=&#8221;1_2&#8243; specialty_columns=&#8221;2&#8243; _builder_version=&#8221;4.16&#8243; _module_preset=&#8221;default&#8221; custom_padding=&#8221;|||&#8221; global_colors_info=&#8221;{}&#8221; custom_padding__hover=&#8221;|||&#8221;][et_pb_row_inner _builder_version=&#8221;4.17.4&#8243; _module_preset=&#8221;default&#8221; background_color=&#8221;rgba(40,4,0,0.79)&#8221; max_width=&#8221;280px&#8221; custom_margin=&#8221;||||false|false&#8221; custom_padding=&#8221;140px|30px|100px|30px|false|true&#8221; scroll_vertical_motion_enable=&#8221;on&#8221; scroll_vertical_motion=&#8221;0|0|0|50|0|0|-1.5&#8243; motion_trigger_start=&#8221;top&#8221; scroll_vertical_motion_tablet=&#8221;0|0|0|50|0|0|0&#8243; scroll_vertical_motion_phone=&#8221;&#8221; scroll_vertical_motion_last_edited=&#8221;on|tablet&#8221; custom_css_main_element=&#8221;backdrop-filter: blur(12px)&#8221; global_colors_info=&#8221;{}&#8221;][et_pb_column_inner saved_specialty_column_type=&#8221;1_2&#8243; _builder_version=&#8221;4.17.4&#8243; _module_preset=&#8221;default&#8221; global_colors_info=&#8221;{}&#8221;][et_pb_text _builder_version=&#8221;4.17.4&#8243; _module_preset=&#8221;default&#8221; link_font=&#8221;Lora||on||||||&#8221; link_text_color=&#8221;#ffffff&#8221; link_line_height=&#8221;2em&#8221; header_3_font=&#8221;|700||on|||||&#8221; header_3_font_size=&#8221;12px&#8221; header_3_letter_spacing=&#8221;2px&#8221; header_3_line_height=&#8221;1.4em&#8221; background_layout=&#8221;dark&#8221; link_font_size_tablet=&#8221;20px&#8221; link_font_size_phone=&#8221;18px&#8221; link_font_size_last_edited=&#8221;off|desktop&#8221; locked=&#8221;off&#8221; global_colors_info=&#8221;{}&#8221;]<\/p>\n<h3>T\u00e9l\u00e9phone<\/h3>\n<p><a href=\"tel: (+351) 232 642 428\">(+351) 232 642 428<\/a><\/p>\n<p>[\/et_pb_text][et_pb_text _builder_version=&#8221;4.17.4&#8243; _module_preset=&#8221;default&#8221; link_font=&#8221;Lora||on||||||&#8221; link_text_color=&#8221;#ffffff&#8221; link_line_height=&#8221;2em&#8221; header_3_font=&#8221;|700||on|||||&#8221; header_3_font_size=&#8221;12px&#8221; header_3_letter_spacing=&#8221;2px&#8221; header_3_line_height=&#8221;1.4em&#8221; background_layout=&#8221;dark&#8221; custom_margin=&#8221;40px||||false|false&#8221; link_font_size_tablet=&#8221;20px&#8221; link_font_size_phone=&#8221;18px&#8221; link_font_size_last_edited=&#8221;on|phone&#8221; locked=&#8221;off&#8221; global_colors_info=&#8221;{}&#8221;]<\/p>\n<h3>Adress<\/h3>\n<p>Quinta do Serrado<br \/>3550-163 &#8211; Penalva do Castelo<\/p>\n<p>PORTUGAL<\/p>\n<p>[\/et_pb_text][et_pb_text _builder_version=&#8221;4.17.4&#8243; _module_preset=&#8221;default&#8221; link_font=&#8221;Lora||on||||||&#8221; link_text_color=&#8221;#ffffff&#8221; link_line_height=&#8221;2em&#8221; header_3_font=&#8221;|700||on|||||&#8221; header_3_font_size=&#8221;12px&#8221; header_3_letter_spacing=&#8221;2px&#8221; header_3_line_height=&#8221;1.4em&#8221; background_layout=&#8221;dark&#8221; custom_margin=&#8221;40px||||false|false&#8221; link_font_size_tablet=&#8221;20px&#8221; link_font_size_phone=&#8221;18px&#8221; link_font_size_last_edited=&#8221;on|phone&#8221; locked=&#8221;off&#8221; global_colors_info=&#8221;{}&#8221;]<\/p>\n<h3>EMAIL<\/h3>\n<p><a href=\"mailto:%20vinho@tavfer.com\"><span>vinho@tavfer.com<\/span><\/a><\/p>\n<p>[\/et_pb_text][\/et_pb_column_inner][\/et_pb_row_inner][\/et_pb_column][\/et_pb_section][et_pb_section fb_built=&#8221;1&#8243; _builder_version=&#8221;4.17.4&#8243; _module_preset=&#8221;default&#8221; background_color=&#8221;#8f0447&#8243; custom_margin=&#8221;0px||0px||true|false&#8221; custom_padding=&#8221;80px||0px||false|false&#8221; top_divider_style=&#8221;mountains2&#8243; top_divider_color=&#8221;#F9F5F1&#8243; top_divider_height=&#8221;70px&#8221; global_module=&#8221;195&#8243; global_colors_info=&#8221;{}&#8221;][et_pb_row column_structure=&#8221;1_2,1_2&#8243; _builder_version=&#8221;4.17.4&#8243; _module_preset=&#8221;default&#8221; custom_padding=&#8221;||3px|||&#8221; global_colors_info=&#8221;{}&#8221;][et_pb_column type=&#8221;1_2&#8243; _builder_version=&#8221;4.17.4&#8243; _module_preset=&#8221;default&#8221; global_colors_info=&#8221;{}&#8221;][et_pb_image src=&#8221;https:\/\/tavfervinhos.com\/wp-content\/uploads\/2022\/09\/logo-w2.png&#8221; title_text=&#8221;logo-w2&#8243; _builder_version=&#8221;4.17.4&#8243; _module_preset=&#8221;default&#8221; width=&#8221;180px&#8221; global_colors_info=&#8221;{}&#8221;][\/et_pb_image][\/et_pb_column][et_pb_column type=&#8221;1_2&#8243; _builder_version=&#8221;4.17.4&#8243; _module_preset=&#8221;default&#8221; global_colors_info=&#8221;{}&#8221;][et_pb_text _builder_version=&#8221;4.17.4&#8243; _dynamic_attributes=&#8221;link_option_url&#8221; _module_preset=&#8221;default&#8221; text_font=&#8221;Poppins||||on||||&#8221; text_text_color=&#8221;#FFFFFF&#8221; text_orientation=&#8221;right&#8221; custom_margin=&#8221;0px||6px||false|false&#8221; custom_padding=&#8221;0px||0px||true|false&#8221; link_option_url=&#8221;@ET-DC@eyJkeW5hbWljIjp0cnVlLCJjb250ZW50IjoicG9zdF9saW5rX3VybF9wYWdlIiwic2V0dGluZ3MiOnsicG9zdF9pZCI6IjI3In19@&#8221; global_colors_info=&#8221;{}&#8221;]<\/p>\n<p>A propos de nous<\/p>\n<p>[\/et_pb_text][et_pb_text _builder_version=&#8221;4.17.4&#8243; _dynamic_attributes=&#8221;link_option_url&#8221; _module_preset=&#8221;default&#8221; text_font=&#8221;Poppins||||on||||&#8221; text_text_color=&#8221;#FFFFFF&#8221; text_orientation=&#8221;right&#8221; custom_margin=&#8221;0px||6px||false|false&#8221; custom_padding=&#8221;0px||0px||true|false&#8221; link_option_url=&#8221;@ET-DC@eyJkeW5hbWljIjp0cnVlLCJjb250ZW50IjoicG9zdF9saW5rX3VybF9wYWdlIiwic2V0dGluZ3MiOnsicG9zdF9pZCI6IjM4In19@&#8221; global_colors_info=&#8221;{}&#8221;]<\/p>\n<p>Domaines<\/p>\n<p>[\/et_pb_text][et_pb_text _builder_version=&#8221;4.17.4&#8243; _dynamic_attributes=&#8221;link_option_url&#8221; _module_preset=&#8221;default&#8221; text_font=&#8221;Poppins||||on||||&#8221; text_text_color=&#8221;#FFFFFF&#8221; text_orientation=&#8221;right&#8221; custom_margin=&#8221;0px||16px||false|false&#8221; custom_padding=&#8221;0px||0px||true|false&#8221; link_option_url=&#8221;@ET-DC@eyJkeW5hbWljIjp0cnVlLCJjb250ZW50IjoicG9zdF9saW5rX3VybF9wYWdlIiwic2V0dGluZ3MiOnsicG9zdF9pZCI6IjQ3In19@&#8221; global_colors_info=&#8221;{}&#8221;]<\/p>\n<p>Contacts<\/p>\n<p>[\/et_pb_text][et_pb_button button_text=&#8221;Boutique&#8221; button_alignment=&#8221;right&#8221; _builder_version=&#8221;4.17.4&#8243; _module_preset=&#8221;default&#8221; custom_button=&#8221;on&#8221; button_text_size=&#8221;14px&#8221; button_text_color=&#8221;#8F0447&#8243; button_bg_color=&#8221;#FFFFFF&#8221; button_border_width=&#8221;0px&#8221; button_border_radius=&#8221;0px&#8221; button_font=&#8221;Poppins||||||||&#8221; button_use_icon=&#8221;off&#8221; custom_margin=&#8221;10px||||false|false&#8221; custom_padding=&#8221;5px|37px|5px|37px|true|true&#8221; global_colors_info=&#8221;{}&#8221;][\/et_pb_button][\/et_pb_column][\/et_pb_row][et_pb_row column_structure=&#8221;1_2,1_2&#8243; _builder_version=&#8221;4.17.4&#8243; _module_preset=&#8221;default&#8221; custom_padding=&#8221;0px||3px|||&#8221; global_colors_info=&#8221;{}&#8221;][et_pb_column type=&#8221;1_2&#8243; _builder_version=&#8221;4.17.4&#8243; _module_preset=&#8221;default&#8221; global_colors_info=&#8221;{}&#8221;][et_pb_text _builder_version=&#8221;4.17.4&#8243; _module_preset=&#8221;default&#8221; text_text_color=&#8221;rgba(255,255,255,0.69)&#8221; custom_margin=&#8221;0px||0px||true|false&#8221; custom_padding=&#8221;0px||0px||true|false&#8221; global_colors_info=&#8221;{}&#8221;]<\/p>\n<p>\u00a9Tavfer Vinhos 2022 &#8211; All rights reserved<\/p>\n<p>[\/et_pb_text][\/et_pb_column][et_pb_column type=&#8221;1_2&#8243; _builder_version=&#8221;4.17.4&#8243; _module_preset=&#8221;default&#8221; global_colors_info=&#8221;{}&#8221;][\/et_pb_column][\/et_pb_row][\/et_pb_section]<\/p>\n","protected":false},"excerpt":{"rendered":"<p>DomainesHaut Douro\u00a0 Notre strat\u00e9gie d&#8217;entr\u00e9e dans la r\u00e9gion d\u00e9limit\u00e9e du Douro \u00e9tait ax\u00e9e, comme dans celle du D\u00e3o, sur l&#8217;acquisition de vignobles dot\u00e9s d&#8217;un terroir et d&#8217;une excellente r\u00e9putation en mati\u00e8re de production de raisins, en tenant compte \u00e9galement de nos objectifs commerciaux \u00e0 long terme. C&#8217;est pourquoi nous concentrons nos recherches sur la vall\u00e9e [&hellip;]<\/p>\n","protected":false},"author":1,"featured_media":0,"parent":0,"menu_order":0,"comment_status":"closed","ping_status":"closed","template":"","meta":{"_et_pb_use_builder":"on","_et_pb_old_content":"","_et_gb_content_width":"","footnotes":""},"class_list":["post-1267","page","type-page","status-publish","hentry"],"acf":[],"yoast_head":"<!-- This site is optimized with the Yoast SEO plugin v20.8 - https:\/\/yoast.com\/wordpress\/plugins\/seo\/ -->\n<title>Domaines - Tavfer Vinhos<\/title>\n<meta name=\"robots\" content=\"index, follow, max-snippet:-1, max-image-preview:large, max-video-preview:-1\" \/>\n<link rel=\"canonical\" href=\"https:\/\/tavfervinhos.com\/quintas\/\" \/>\n<meta property=\"og:locale\" content=\"fr_FR\" \/>\n<meta property=\"og:type\" content=\"article\" \/>\n<meta property=\"og:title\" content=\"Domaines - Tavfer Vinhos\" \/>\n<meta property=\"og:description\" content=\"DomainesHaut Douro\u00a0 Notre strat\u00e9gie d&#039;entr\u00e9e dans la r\u00e9gion d\u00e9limit\u00e9e du Douro \u00e9tait ax\u00e9e, comme dans celle du D\u00e3o, sur l&#039;acquisition de vignobles dot\u00e9s d&#039;un terroir et d&#039;une excellente r\u00e9putation en mati\u00e8re de production de raisins, en tenant compte \u00e9galement de nos objectifs commerciaux \u00e0 long terme. C&#039;est pourquoi nous concentrons nos recherches sur la vall\u00e9e [&hellip;]\" \/>\n<meta property=\"og:url\" content=\"https:\/\/tavfervinhos.com\/quintas\/\" \/>\n<meta property=\"og:site_name\" content=\"Tavfer Vinhos\" \/>\n<meta property=\"article:publisher\" content=\"https:\/\/www.facebook.com\/Tavfer-Vinhos\" \/>\n<meta property=\"article:modified_time\" content=\"2022-10-20T16:25:16+00:00\" \/>\n<meta name=\"twitter:card\" content=\"summary_large_image\" \/>\n<meta name=\"twitter:label1\" content=\"Dur\u00e9e de lecture estim\u00e9e\" \/>\n\t<meta name=\"twitter:data1\" content=\"9 minutes\" \/>\n<script type=\"application\/ld+json\" class=\"yoast-schema-graph\">{\"@context\":\"https:\/\/schema.org\",\"@graph\":[{\"@type\":\"WebPage\",\"@id\":\"https:\/\/tavfervinhos.com\/quintas\/\",\"url\":\"https:\/\/tavfervinhos.com\/quintas\/\",\"name\":\"Domaines - Tavfer Vinhos\",\"isPartOf\":{\"@id\":\"https:\/\/tavfervinhos.com\/#website\"},\"datePublished\":\"2022-09-05T15:47:05+00:00\",\"dateModified\":\"2022-10-20T16:25:16+00:00\",\"breadcrumb\":{\"@id\":\"https:\/\/tavfervinhos.com\/quintas\/#breadcrumb\"},\"inLanguage\":\"fr-FR\",\"potentialAction\":[{\"@type\":\"ReadAction\",\"target\":[\"https:\/\/tavfervinhos.com\/quintas\/\"]}]},{\"@type\":\"BreadcrumbList\",\"@id\":\"https:\/\/tavfervinhos.com\/quintas\/#breadcrumb\",\"itemListElement\":[{\"@type\":\"ListItem\",\"position\":1,\"name\":\"In\u00edcio\",\"item\":\"https:\/\/tavfervinhos.com\/\"},{\"@type\":\"ListItem\",\"position\":2,\"name\":\"Domaines\"}]},{\"@type\":\"WebSite\",\"@id\":\"https:\/\/tavfervinhos.com\/#website\",\"url\":\"https:\/\/tavfervinhos.com\/\",\"name\":\"Tavfer Vinhos\",\"description\":\"Tavfer vinhos\",\"publisher\":{\"@id\":\"https:\/\/tavfervinhos.com\/#organization\"},\"potentialAction\":[{\"@type\":\"SearchAction\",\"target\":{\"@type\":\"EntryPoint\",\"urlTemplate\":\"https:\/\/tavfervinhos.com\/?s={search_term_string}\"},\"query-input\":\"required name=search_term_string\"}],\"inLanguage\":\"fr-FR\"},{\"@type\":\"Organization\",\"@id\":\"https:\/\/tavfervinhos.com\/#organization\",\"name\":\"Tavfer Vinhos\",\"url\":\"https:\/\/tavfervinhos.com\/\",\"logo\":{\"@type\":\"ImageObject\",\"inLanguage\":\"fr-FR\",\"@id\":\"https:\/\/tavfervinhos.com\/#\/schema\/logo\/image\/\",\"url\":\"https:\/\/tavfervinhos.com\/wp-content\/uploads\/2022\/09\/logo.png\",\"contentUrl\":\"https:\/\/tavfervinhos.com\/wp-content\/uploads\/2022\/09\/logo.png\",\"width\":501,\"height\":96,\"caption\":\"Tavfer Vinhos\"},\"image\":{\"@id\":\"https:\/\/tavfervinhos.com\/#\/schema\/logo\/image\/\"},\"sameAs\":[\"https:\/\/www.facebook.com\/Tavfer-Vinhos\"]}]}<\/script>\n<!-- \/ Yoast SEO plugin. -->","yoast_head_json":{"title":"Domaines - Tavfer Vinhos","robots":{"index":"index","follow":"follow","max-snippet":"max-snippet:-1","max-image-preview":"max-image-preview:large","max-video-preview":"max-video-preview:-1"},"canonical":"https:\/\/tavfervinhos.com\/quintas\/","og_locale":"fr_FR","og_type":"article","og_title":"Domaines - Tavfer Vinhos","og_description":"DomainesHaut Douro\u00a0 Notre strat\u00e9gie d'entr\u00e9e dans la r\u00e9gion d\u00e9limit\u00e9e du Douro \u00e9tait ax\u00e9e, comme dans celle du D\u00e3o, sur l'acquisition de vignobles dot\u00e9s d'un terroir et d'une excellente r\u00e9putation en mati\u00e8re de production de raisins, en tenant compte \u00e9galement de nos objectifs commerciaux \u00e0 long terme. C'est pourquoi nous concentrons nos recherches sur la vall\u00e9e [&hellip;]","og_url":"https:\/\/tavfervinhos.com\/quintas\/","og_site_name":"Tavfer Vinhos","article_publisher":"https:\/\/www.facebook.com\/Tavfer-Vinhos","article_modified_time":"2022-10-20T16:25:16+00:00","twitter_card":"summary_large_image","twitter_misc":{"Dur\u00e9e de lecture estim\u00e9e":"9 minutes"},"schema":{"@context":"https:\/\/schema.org","@graph":[{"@type":"WebPage","@id":"https:\/\/tavfervinhos.com\/quintas\/","url":"https:\/\/tavfervinhos.com\/quintas\/","name":"Domaines - Tavfer Vinhos","isPartOf":{"@id":"https:\/\/tavfervinhos.com\/#website"},"datePublished":"2022-09-05T15:47:05+00:00","dateModified":"2022-10-20T16:25:16+00:00","breadcrumb":{"@id":"https:\/\/tavfervinhos.com\/quintas\/#breadcrumb"},"inLanguage":"fr-FR","potentialAction":[{"@type":"ReadAction","target":["https:\/\/tavfervinhos.com\/quintas\/"]}]},{"@type":"BreadcrumbList","@id":"https:\/\/tavfervinhos.com\/quintas\/#breadcrumb","itemListElement":[{"@type":"ListItem","position":1,"name":"In\u00edcio","item":"https:\/\/tavfervinhos.com\/"},{"@type":"ListItem","position":2,"name":"Domaines"}]},{"@type":"WebSite","@id":"https:\/\/tavfervinhos.com\/#website","url":"https:\/\/tavfervinhos.com\/","name":"Tavfer Vinhos","description":"Tavfer vinhos","publisher":{"@id":"https:\/\/tavfervinhos.com\/#organization"},"potentialAction":[{"@type":"SearchAction","target":{"@type":"EntryPoint","urlTemplate":"https:\/\/tavfervinhos.com\/?s={search_term_string}"},"query-input":"required name=search_term_string"}],"inLanguage":"fr-FR"},{"@type":"Organization","@id":"https:\/\/tavfervinhos.com\/#organization","name":"Tavfer Vinhos","url":"https:\/\/tavfervinhos.com\/","logo":{"@type":"ImageObject","inLanguage":"fr-FR","@id":"https:\/\/tavfervinhos.com\/#\/schema\/logo\/image\/","url":"https:\/\/tavfervinhos.com\/wp-content\/uploads\/2022\/09\/logo.png","contentUrl":"https:\/\/tavfervinhos.com\/wp-content\/uploads\/2022\/09\/logo.png","width":501,"height":96,"caption":"Tavfer Vinhos"},"image":{"@id":"https:\/\/tavfervinhos.com\/#\/schema\/logo\/image\/"},"sameAs":["https:\/\/www.facebook.com\/Tavfer-Vinhos"]}]}},"_links":{"self":[{"href":"https:\/\/tavfervinhos.com\/fr\/wp-json\/wp\/v2\/pages\/1267","targetHints":{"allow":["GET"]}}],"collection":[{"href":"https:\/\/tavfervinhos.com\/fr\/wp-json\/wp\/v2\/pages"}],"about":[{"href":"https:\/\/tavfervinhos.com\/fr\/wp-json\/wp\/v2\/types\/page"}],"author":[{"embeddable":true,"href":"https:\/\/tavfervinhos.com\/fr\/wp-json\/wp\/v2\/users\/1"}],"replies":[{"embeddable":true,"href":"https:\/\/tavfervinhos.com\/fr\/wp-json\/wp\/v2\/comments?post=1267"}],"version-history":[{"count":2,"href":"https:\/\/tavfervinhos.com\/fr\/wp-json\/wp\/v2\/pages\/1267\/revisions"}],"predecessor-version":[{"id":1269,"href":"https:\/\/tavfervinhos.com\/fr\/wp-json\/wp\/v2\/pages\/1267\/revisions\/1269"}],"wp:attachment":[{"href":"https:\/\/tavfervinhos.com\/fr\/wp-json\/wp\/v2\/media?parent=1267"}],"curies":[{"name":"wp","href":"https:\/\/api.w.org\/{rel}","templated":true}]}}