{"id":1464,"date":"2022-10-06T10:32:22","date_gmt":"2022-10-06T10:32:22","guid":{"rendered":"https:\/\/tavfervinhos.com\/politica-el-sistema-de-gestion-de-la-calidad-y-la-seguridad-alimentaria\/"},"modified":"2022-10-23T21:00:56","modified_gmt":"2022-10-23T21:00:56","slug":"politica-el-sistema-de-gestion-de-la-calidad-y-la-seguridad-alimentaria","status":"publish","type":"page","link":"https:\/\/tavfervinhos.com\/es\/politica-el-sistema-de-gestion-de-la-calidad-y-la-seguridad-alimentaria\/","title":{"rendered":"Pol\u00edtica el Sistema de Gesti\u00f3n de la Calidad y la Seguridad Alimentaria"},"content":{"rendered":"&#13;\n<p><p>Sociedade Agr\u00edcola Castro de Pena Alba, SA. &#8211; empresa dedicada a la vinificaci\u00f3n de uvas aptas para la producci\u00f3n de vinos tranquilos y espumosos &#8211; consciente de la importancia de la calidad para organizar su actividad empresarial y de la necesidad de elaborar productos seguros y legales, se compromete a aplicar una pol\u00edtica basada en los siguientes compromisos<\/p><\/p>&#13;\n&#13;\n<ul class=\"wp-block-list\">&#13;\n<li>Establecer con los clientes relaciones de confianza sustentadas en la calidad de los productos, asegurando su cumplimiento con los requisitos asumidos contractualmente y los legales vigentes.<\/li>&#13;\n<li>Invertir en el desarrollo tecnol\u00f3gico y la mejora de los procesos, para lograr una mayor satisfacci\u00f3n de las expectativas y necesidades de los clientes.<\/li>&#13;\n<li>Cumplir con los requisitos legales y adoptar pr\u00e1cticas voluntarias para minimizar el impacto ambiental derivado de nuestra actividad, manteniendo una relaci\u00f3n mutuamente beneficiosa con el entorno.<\/li>&#13;\n<li>Garantizar la sostenibilidad de la empresa basada en la responsabilidad medioambiental y social.<\/li>&#13;\n<li>Garantizar la aplicaci\u00f3n de buenas pr\u00e1cticas sociales para mejorar la relaci\u00f3n con los empleados y la comunidad circundante, respetando los valores \u00e9ticos.<\/li>&#13;\n<li><p>Cumplir con la \u00e9tica profesional en la elaboraci\u00f3n de productos seguros e inocuos para los consumidores, inform\u00e1ndoles con transparencia sobre cualquier aspecto del<\/p>&#13;\n<p>productos, llevando a cabo la retirada inmediata en caso de detectar cualquier riesgo para la salud, as\u00ed como inform\u00e1ndoles detalladamente de todos los riesgos asociados.<\/p><\/li>&#13;\n<li>Fomentar una cultura de seguridad alimentaria que conduzca a la producci\u00f3n de alimentos seguros y a la participaci\u00f3n de todos los empleados en las pr\u00e1cticas de seguridad alimentaria.<\/li>&#13;\n<\/ul>&#13;\n","protected":false},"excerpt":{"rendered":"<p>&#13; Sociedade Agr\u00edcola Castro de Pena Alba, SA. &#8211; empresa dedicada a la vinificaci\u00f3n de uvas aptas para la producci\u00f3n de vinos tranquilos y espumosos &#8211; consciente de la importancia de la calidad para organizar su actividad empresarial y de la necesidad de elaborar productos seguros y legales, se compromete a aplicar una pol\u00edtica basada [&hellip;]<\/p>\n","protected":false},"author":1,"featured_media":0,"parent":0,"menu_order":0,"comment_status":"closed","ping_status":"closed","template":"","meta":{"_et_pb_use_builder":"","_et_pb_old_content":"","_et_gb_content_width":"","footnotes":""},"class_list":["post-1464","page","type-page","status-publish","hentry"],"acf":[],"yoast_head":"<!-- This site is optimized with the Yoast SEO plugin v20.8 - https:\/\/yoast.com\/wordpress\/plugins\/seo\/ -->\n<title>Seguridad Alimentaria<\/title>\n<meta name=\"robots\" content=\"index, follow, max-snippet:-1, max-image-preview:large, max-video-preview:-1\" \/>\n<link rel=\"canonical\" href=\"https:\/\/tavfervinhos.com\/es\/politica-el-sistema-de-gestion-de-la-calidad-y-la-seguridad-alimentaria\/\" \/>\n<meta property=\"og:locale\" content=\"es_ES\" \/>\n<meta property=\"og:type\" content=\"article\" \/>\n<meta property=\"og:title\" content=\"Seguridad Alimentaria\" \/>\n<meta property=\"og:description\" content=\"&#013; Sociedade Agr\u00edcola Castro de Pena Alba, SA. &#8211; empresa dedicada a la vinificaci\u00f3n de uvas aptas para la producci\u00f3n de vinos tranquilos y espumosos &#8211; consciente de la importancia de la calidad para organizar su actividad empresarial y de la necesidad de elaborar productos seguros y legales, se compromete a aplicar una pol\u00edtica basada [&hellip;]\" \/>\n<meta property=\"og:url\" content=\"https:\/\/tavfervinhos.com\/es\/politica-el-sistema-de-gestion-de-la-calidad-y-la-seguridad-alimentaria\/\" \/>\n<meta property=\"og:site_name\" content=\"Tavfer Vinhos\" \/>\n<meta property=\"article:publisher\" content=\"https:\/\/www.facebook.com\/Tavfer-Vinhos\" \/>\n<meta property=\"article:modified_time\" content=\"2022-10-23T21:00:56+00:00\" \/>\n<meta name=\"twitter:card\" content=\"summary_large_image\" \/>\n<meta name=\"twitter:label1\" content=\"Tiempo de lectura\" \/>\n\t<meta name=\"twitter:data1\" content=\"1 minuto\" \/>\n<script type=\"application\/ld+json\" class=\"yoast-schema-graph\">{\"@context\":\"https:\/\/schema.org\",\"@graph\":[{\"@type\":\"WebPage\",\"@id\":\"https:\/\/tavfervinhos.com\/es\/politica-el-sistema-de-gestion-de-la-calidad-y-la-seguridad-alimentaria\/\",\"url\":\"https:\/\/tavfervinhos.com\/es\/politica-el-sistema-de-gestion-de-la-calidad-y-la-seguridad-alimentaria\/\",\"name\":\"Seguridad Alimentaria\",\"isPartOf\":{\"@id\":\"https:\/\/tavfervinhos.com\/#website\"},\"datePublished\":\"2022-10-06T10:32:22+00:00\",\"dateModified\":\"2022-10-23T21:00:56+00:00\",\"breadcrumb\":{\"@id\":\"https:\/\/tavfervinhos.com\/es\/politica-el-sistema-de-gestion-de-la-calidad-y-la-seguridad-alimentaria\/#breadcrumb\"},\"inLanguage\":\"es\",\"potentialAction\":[{\"@type\":\"ReadAction\",\"target\":[\"https:\/\/tavfervinhos.com\/es\/politica-el-sistema-de-gestion-de-la-calidad-y-la-seguridad-alimentaria\/\"]}]},{\"@type\":\"BreadcrumbList\",\"@id\":\"https:\/\/tavfervinhos.com\/es\/politica-el-sistema-de-gestion-de-la-calidad-y-la-seguridad-alimentaria\/#breadcrumb\",\"itemListElement\":[{\"@type\":\"ListItem\",\"position\":1,\"name\":\"In\u00edcio\",\"item\":\"https:\/\/tavfervinhos.com\/\"},{\"@type\":\"ListItem\",\"position\":2,\"name\":\"Pol\u00edtica el Sistema de Gesti\u00f3n de la Calidad y la Seguridad Alimentaria\"}]},{\"@type\":\"WebSite\",\"@id\":\"https:\/\/tavfervinhos.com\/#website\",\"url\":\"https:\/\/tavfervinhos.com\/\",\"name\":\"Tavfer Vinhos\",\"description\":\"Tavfer vinhos\",\"publisher\":{\"@id\":\"https:\/\/tavfervinhos.com\/#organization\"},\"potentialAction\":[{\"@type\":\"SearchAction\",\"target\":{\"@type\":\"EntryPoint\",\"urlTemplate\":\"https:\/\/tavfervinhos.com\/?s={search_term_string}\"},\"query-input\":\"required name=search_term_string\"}],\"inLanguage\":\"es\"},{\"@type\":\"Organization\",\"@id\":\"https:\/\/tavfervinhos.com\/#organization\",\"name\":\"Tavfer Vinhos\",\"url\":\"https:\/\/tavfervinhos.com\/\",\"logo\":{\"@type\":\"ImageObject\",\"inLanguage\":\"es\",\"@id\":\"https:\/\/tavfervinhos.com\/#\/schema\/logo\/image\/\",\"url\":\"https:\/\/tavfervinhos.com\/wp-content\/uploads\/2022\/09\/logo.png\",\"contentUrl\":\"https:\/\/tavfervinhos.com\/wp-content\/uploads\/2022\/09\/logo.png\",\"width\":501,\"height\":96,\"caption\":\"Tavfer Vinhos\"},\"image\":{\"@id\":\"https:\/\/tavfervinhos.com\/#\/schema\/logo\/image\/\"},\"sameAs\":[\"https:\/\/www.facebook.com\/Tavfer-Vinhos\"]}]}<\/script>\n<!-- \/ Yoast SEO plugin. -->","yoast_head_json":{"title":"Seguridad Alimentaria","robots":{"index":"index","follow":"follow","max-snippet":"max-snippet:-1","max-image-preview":"max-image-preview:large","max-video-preview":"max-video-preview:-1"},"canonical":"https:\/\/tavfervinhos.com\/es\/politica-el-sistema-de-gestion-de-la-calidad-y-la-seguridad-alimentaria\/","og_locale":"es_ES","og_type":"article","og_title":"Seguridad Alimentaria","og_description":"&#13; Sociedade Agr\u00edcola Castro de Pena Alba, SA. &#8211; empresa dedicada a la vinificaci\u00f3n de uvas aptas para la producci\u00f3n de vinos tranquilos y espumosos &#8211; consciente de la importancia de la calidad para organizar su actividad empresarial y de la necesidad de elaborar productos seguros y legales, se compromete a aplicar una pol\u00edtica basada [&hellip;]","og_url":"https:\/\/tavfervinhos.com\/es\/politica-el-sistema-de-gestion-de-la-calidad-y-la-seguridad-alimentaria\/","og_site_name":"Tavfer Vinhos","article_publisher":"https:\/\/www.facebook.com\/Tavfer-Vinhos","article_modified_time":"2022-10-23T21:00:56+00:00","twitter_card":"summary_large_image","twitter_misc":{"Tiempo de lectura":"1 minuto"},"schema":{"@context":"https:\/\/schema.org","@graph":[{"@type":"WebPage","@id":"https:\/\/tavfervinhos.com\/es\/politica-el-sistema-de-gestion-de-la-calidad-y-la-seguridad-alimentaria\/","url":"https:\/\/tavfervinhos.com\/es\/politica-el-sistema-de-gestion-de-la-calidad-y-la-seguridad-alimentaria\/","name":"Seguridad Alimentaria","isPartOf":{"@id":"https:\/\/tavfervinhos.com\/#website"},"datePublished":"2022-10-06T10:32:22+00:00","dateModified":"2022-10-23T21:00:56+00:00","breadcrumb":{"@id":"https:\/\/tavfervinhos.com\/es\/politica-el-sistema-de-gestion-de-la-calidad-y-la-seguridad-alimentaria\/#breadcrumb"},"inLanguage":"es","potentialAction":[{"@type":"ReadAction","target":["https:\/\/tavfervinhos.com\/es\/politica-el-sistema-de-gestion-de-la-calidad-y-la-seguridad-alimentaria\/"]}]},{"@type":"BreadcrumbList","@id":"https:\/\/tavfervinhos.com\/es\/politica-el-sistema-de-gestion-de-la-calidad-y-la-seguridad-alimentaria\/#breadcrumb","itemListElement":[{"@type":"ListItem","position":1,"name":"In\u00edcio","item":"https:\/\/tavfervinhos.com\/"},{"@type":"ListItem","position":2,"name":"Pol\u00edtica el Sistema de Gesti\u00f3n de la Calidad y la Seguridad Alimentaria"}]},{"@type":"WebSite","@id":"https:\/\/tavfervinhos.com\/#website","url":"https:\/\/tavfervinhos.com\/","name":"Tavfer Vinhos","description":"Tavfer vinhos","publisher":{"@id":"https:\/\/tavfervinhos.com\/#organization"},"potentialAction":[{"@type":"SearchAction","target":{"@type":"EntryPoint","urlTemplate":"https:\/\/tavfervinhos.com\/?s={search_term_string}"},"query-input":"required name=search_term_string"}],"inLanguage":"es"},{"@type":"Organization","@id":"https:\/\/tavfervinhos.com\/#organization","name":"Tavfer Vinhos","url":"https:\/\/tavfervinhos.com\/","logo":{"@type":"ImageObject","inLanguage":"es","@id":"https:\/\/tavfervinhos.com\/#\/schema\/logo\/image\/","url":"https:\/\/tavfervinhos.com\/wp-content\/uploads\/2022\/09\/logo.png","contentUrl":"https:\/\/tavfervinhos.com\/wp-content\/uploads\/2022\/09\/logo.png","width":501,"height":96,"caption":"Tavfer Vinhos"},"image":{"@id":"https:\/\/tavfervinhos.com\/#\/schema\/logo\/image\/"},"sameAs":["https:\/\/www.facebook.com\/Tavfer-Vinhos"]}]}},"_links":{"self":[{"href":"https:\/\/tavfervinhos.com\/es\/wp-json\/wp\/v2\/pages\/1464","targetHints":{"allow":["GET"]}}],"collection":[{"href":"https:\/\/tavfervinhos.com\/es\/wp-json\/wp\/v2\/pages"}],"about":[{"href":"https:\/\/tavfervinhos.com\/es\/wp-json\/wp\/v2\/types\/page"}],"author":[{"embeddable":true,"href":"https:\/\/tavfervinhos.com\/es\/wp-json\/wp\/v2\/users\/1"}],"replies":[{"embeddable":true,"href":"https:\/\/tavfervinhos.com\/es\/wp-json\/wp\/v2\/comments?post=1464"}],"version-history":[{"count":1,"href":"https:\/\/tavfervinhos.com\/es\/wp-json\/wp\/v2\/pages\/1464\/revisions"}],"predecessor-version":[{"id":1465,"href":"https:\/\/tavfervinhos.com\/es\/wp-json\/wp\/v2\/pages\/1464\/revisions\/1465"}],"wp:attachment":[{"href":"https:\/\/tavfervinhos.com\/es\/wp-json\/wp\/v2\/media?parent=1464"}],"curies":[{"name":"wp","href":"https:\/\/api.w.org\/{rel}","templated":true}]}}