{"id":1410,"date":"2022-09-05T15:47:05","date_gmt":"2022-09-05T15:47:05","guid":{"rendered":"https:\/\/tavfervinhos.com\/fincas\/"},"modified":"2022-10-21T17:10:17","modified_gmt":"2022-10-21T17:10:17","slug":"fincas","status":"publish","type":"page","link":"https:\/\/tavfervinhos.com\/es\/fincas\/","title":{"rendered":"Fincas"},"content":{"rendered":"<p>[et_pb_section fb_built=&#8221;1&#8243; admin_label=&#8221;Header&#8221; _builder_version=&#8221;4.17.4&#8243; _module_preset=&#8221;default&#8221; background_color=&#8221;#f9f5f1&#8243; top_divider_style=&#8221;mountains2&#8243; top_divider_color=&#8221;#FFFFFF&#8221; top_divider_height=&#8221;240px&#8221; top_divider_flip=&#8221;horizontal|vertical&#8221; global_colors_info=&#8221;{}&#8221;][et_pb_row column_structure=&#8221;2_3,1_3&#8243; custom_padding_last_edited=&#8221;on|tablet&#8221; _builder_version=&#8221;4.16&#8243; _module_preset=&#8221;default&#8221; z_index=&#8221;10&#8243; custom_padding=&#8221;|20px|||false|false&#8221; custom_padding_tablet=&#8221;&#8221; custom_padding_phone=&#8221;&#8221; global_colors_info=&#8221;{}&#8221;][et_pb_column type=&#8221;2_3&#8243; _builder_version=&#8221;4.16&#8243; _module_preset=&#8221;default&#8221; global_colors_info=&#8221;{}&#8221;][et_pb_text _builder_version=&#8221;4.16&#8243; _module_preset=&#8221;default&#8221; text_font=&#8221;Lora||||||||&#8221; text_line_height=&#8221;2em&#8221; header_text_color=&#8221;#280400&#8243; header_font_size=&#8221;110px&#8221; max_width=&#8221;880px&#8221; header_font_size_tablet=&#8221;60px&#8221; header_font_size_phone=&#8221;40px&#8221; header_font_size_last_edited=&#8221;on|phone&#8221; global_colors_info=&#8221;{}&#8221;]<\/p>\n<h1>Fincas<\/h1>\n<p>[\/et_pb_text][\/et_pb_column][et_pb_column type=&#8221;1_3&#8243; _builder_version=&#8221;4.16&#8243; _module_preset=&#8221;default&#8221; global_colors_info=&#8221;{}&#8221;][\/et_pb_column][\/et_pb_row][et_pb_row _builder_version=&#8221;4.16&#8243; _module_preset=&#8221;default&#8221; locked=&#8221;off&#8221; global_colors_info=&#8221;{}&#8221;][et_pb_column type=&#8221;4_4&#8243; _builder_version=&#8221;4.16&#8243; _module_preset=&#8221;default&#8221; global_colors_info=&#8221;{}&#8221;][et_pb_image src=&#8221;https:\/\/tavfervinhos.com\/wp-content\/uploads\/2022\/09\/winery-66.jpg&#8221; title_text=&#8221;winery-66&#8243; _builder_version=&#8221;4.16&#8243; _module_preset=&#8221;default&#8221; min_height=&#8221;314px&#8221; global_colors_info=&#8221;{}&#8221;][\/et_pb_image][\/et_pb_column][\/et_pb_row][\/et_pb_section][et_pb_section fb_built=&#8221;1&#8243; _builder_version=&#8221;4.17.4&#8243; _module_preset=&#8221;default&#8221; background_color=&#8221;#FFFFFF&#8221; custom_margin=&#8221;||50px|||&#8221; custom_padding=&#8221;100px||100px||false|false&#8221; top_divider_style=&#8221;mountains2&#8243; top_divider_color=&#8221;#F9F5F1&#8243; bottom_divider_style=&#8221;mountains2&#8243; bottom_divider_color=&#8221;#F9F5F1&#8243; global_colors_info=&#8221;{}&#8221;][et_pb_row column_structure=&#8221;1_2,1_2&#8243; _builder_version=&#8221;4.17.4&#8243; _module_preset=&#8221;default&#8221; custom_padding=&#8221;48px||50px|||&#8221; global_colors_info=&#8221;{}&#8221;][et_pb_column type=&#8221;1_2&#8243; _builder_version=&#8221;4.17.4&#8243; _module_preset=&#8221;default&#8221; global_colors_info=&#8221;{}&#8221;][et_pb_text _builder_version=&#8221;4.17.4&#8243; _module_preset=&#8221;default&#8221; text_font=&#8221;Poppins|300|||||||&#8221; header_font=&#8221;Lora|600|||||||&#8221; header_font_size=&#8221;40px&#8221; header_line_height=&#8221;2em&#8221; global_colors_info=&#8221;{}&#8221;]<\/p>\n<h1>Alto Douro<\/h1>\n<p>Nuestra estrategia de entrada en la regi\u00f3n demarcada del Duero se centr\u00f3, al igual que en D\u00e3o, en la adquisici\u00f3n de vi\u00f1edos con terroir y un excelente historial de producci\u00f3n de uva, al tiempo que contemplamos nuestros prop\u00f3sitos comerciales a largo plazo<\/p>\n<p>Por lo tanto, centramos nuestra b\u00fasqueda en el Valle de Pocinho, donde tenemos alrededor de 40 hect\u00e1reas de los mejores vi\u00f1edos, repartidos en tres fincas (Quinta das Braceiras, Vale Marianes y Vale da Vila) y m\u00e1s de 30 hect\u00e1reas repartidas en olivares y otros cultivos permanentes<\/p>\n<p>[\/et_pb_text][et_pb_button button_url=&#8221;@ET-DC@eyJkeW5hbWljIjp0cnVlLCJjb250ZW50IjoicG9zdF9saW5rX3VybF9wYWdlIiwic2V0dGluZ3MiOnsicG9zdF9pZCI6IjIxMCJ9fQ==@&#8221; button_text=&#8221;Saber m\u00e1s&#8221; _builder_version=&#8221;4.17.4&#8243; _dynamic_attributes=&#8221;button_url&#8221; _module_preset=&#8221;default&#8221; custom_button=&#8221;on&#8221; button_text_size=&#8221;15px&#8221; button_text_color=&#8221;#FFFFFF&#8221; button_bg_color=&#8221;#8F0447&#8243; button_border_width=&#8221;0px&#8221; button_border_radius=&#8221;0px&#8221; button_letter_spacing=&#8221;0px&#8221; button_font=&#8221;Poppins||||||||&#8221; button_use_icon=&#8221;off&#8221; custom_padding=&#8221;8px|25px|8px|25px|true|true&#8221; global_colors_info=&#8221;{}&#8221;][\/et_pb_button][\/et_pb_column][et_pb_column type=&#8221;1_2&#8243; _builder_version=&#8221;4.17.4&#8243; _module_preset=&#8221;default&#8221; global_colors_info=&#8221;{}&#8221;][et_pb_text _builder_version=&#8221;4.17.4&#8243; _module_preset=&#8221;default&#8221; text_font=&#8221;Poppins|300|||||||&#8221; header_font=&#8221;Lora|600|||||||&#8221; header_font_size=&#8221;40px&#8221; header_line_height=&#8221;2em&#8221; global_colors_info=&#8221;{}&#8221;]<\/p>\n<h1>D\u00e3o<\/h1>\n<p>Fue en esta regi\u00f3n demarcada donde, en los a\u00f1os 90, comenz\u00f3 la aventura de querer hacer algo diferente y todo empez\u00f3 en Quinta Picos do Couto, que naturalmente tiene un significado especial para nosotros.\u00a0<\/p>\n<p>Esta finca, situada en el municipio de T\u00e1bua, junto con todas las dem\u00e1s que hemos ido sumando a lo largo de los a\u00f1os, abarca ya una superficie de m\u00e1s de 30 hect\u00e1reas de vi\u00f1edo, produciendo vinos tintos, blancos, espumosos y rosados.<\/p>\n<p>[\/et_pb_text][et_pb_button button_url=&#8221;@ET-DC@eyJkeW5hbWljIjp0cnVlLCJjb250ZW50IjoicG9zdF9saW5rX3VybF9wYWdlIiwic2V0dGluZ3MiOnsicG9zdF9pZCI6IjIzMSJ9fQ==@&#8221; button_text=&#8221;Saber m\u00e1s&#8221; _builder_version=&#8221;4.17.4&#8243; _dynamic_attributes=&#8221;button_url&#8221; _module_preset=&#8221;default&#8221; custom_button=&#8221;on&#8221; button_text_size=&#8221;15px&#8221; button_text_color=&#8221;#FFFFFF&#8221; button_bg_color=&#8221;#8F0447&#8243; button_border_width=&#8221;0px&#8221; button_border_radius=&#8221;0px&#8221; button_letter_spacing=&#8221;0px&#8221; button_font=&#8221;Poppins||||||||&#8221; button_use_icon=&#8221;off&#8221; custom_padding=&#8221;8px|25px|8px|25px|true|true&#8221; hover_enabled=&#8221;0&#8243; global_colors_info=&#8221;{}&#8221; sticky_enabled=&#8221;0&#8243;][\/et_pb_button][\/et_pb_column][\/et_pb_row][\/et_pb_section][et_pb_section fb_built=&#8221;1&#8243; specialty=&#8221;on&#8221; admin_label=&#8221;Footer&#8221; _builder_version=&#8221;4.17.4&#8243; _module_preset=&#8221;default&#8221; background_color=&#8221;#FFFFFF&#8221; use_background_color_gradient=&#8221;on&#8221; background_color_gradient_direction=&#8221;90deg&#8221; background_color_gradient_stops=&#8221;#f9f5f1 60%|#e8e2d7 60%&#8221; background_color_gradient_start=&#8221;#f9f5f1&#8243; background_color_gradient_start_position=&#8221;60%&#8221; background_color_gradient_end=&#8221;#e8e2d7&#8243; background_color_gradient_end_position=&#8221;3%&#8221; background_image=&#8221;https:\/\/tavfervinhos.com\/wp-content\/uploads\/2022\/09\/winery-37.png&#8221; background_size=&#8221;initial&#8221; custom_margin=&#8221;0px||0px||true|false&#8221; custom_padding=&#8221;100px||30px||false|false&#8221; background_last_edited=&#8221;on|desktop&#8221; background_color_gradient_stops_tablet=&#8221;#f9f5f1 80%|#e8e2d7 80%&#8221; background_color_gradient_stops_phone=&#8221;#f9f5f1 75%|#e8e2d7 75%&#8221; background_color_gradient_start_position_tablet=&#8221;80%&#8221; background_color_gradient_start_position_phone=&#8221;75%&#8221; background_color_gradient_end_position_tablet=&#8221;80%&#8221; background_color_gradient_end_position_phone=&#8221;75%&#8221; background_position_tablet=&#8221;bottom_center&#8221; global_module=&#8221;196&#8243; global_colors_info=&#8221;{}&#8221;][et_pb_column type=&#8221;1_2&#8243; _builder_version=&#8221;4.16&#8243; _module_preset=&#8221;default&#8221; custom_padding=&#8221;|||&#8221; global_colors_info=&#8221;{}&#8221; custom_padding__hover=&#8221;|||&#8221;][et_pb_text _builder_version=&#8221;4.17.4&#8243; _module_preset=&#8221;default&#8221; text_font=&#8221;Lora||||||||&#8221; header_2_font=&#8221;|||on|||||&#8221; header_2_text_color=&#8221;#280400&#8243; header_2_font_size=&#8221;65px&#8221; header_2_letter_spacing=&#8221;8px&#8221; header_2_line_height=&#8221;1.2em&#8221; max_width_tablet=&#8221;&#8221; max_width_phone=&#8221;&#8221; max_width_last_edited=&#8221;on|desktop&#8221; header_2_font_size_tablet=&#8221;40px&#8221; header_2_font_size_phone=&#8221;28px&#8221; header_2_font_size_last_edited=&#8221;on|phone&#8221; header_2_line_height_tablet=&#8221;1.4em&#8221; header_2_line_height_phone=&#8221;&#8221; header_2_line_height_last_edited=&#8221;on|phone&#8221; locked=&#8221;off&#8221; global_colors_info=&#8221;{}&#8221;]<\/p>\n<h2>Vis\u00edtenos en<\/h2>\n<p>[\/et_pb_text][et_pb_text _builder_version=&#8221;4.17.4&#8243; _module_preset=&#8221;default&#8221; text_font=&#8221;Lora|500|||||||&#8221; text_font_size=&#8221;16px&#8221; text_line_height=&#8221;2em&#8221; max_width=&#8221;380px&#8221; max_width_tablet=&#8221;100%&#8221; max_width_phone=&#8221;&#8221; max_width_last_edited=&#8221;on|tablet&#8221; locked=&#8221;off&#8221; global_colors_info=&#8221;{}&#8221;]<\/p>\n<p>Venga a visitar nuestros vi\u00f1edos, rodeados de un paisaje \u00fanico, donde podr\u00e1 degustar nuestros vinos. Mientras no nos visite, compre aqu\u00ed en nuestra tienda online. Por sus preferencias.<\/p>\n<p>[\/et_pb_text][\/et_pb_column][et_pb_column type=&#8221;1_2&#8243; specialty_columns=&#8221;2&#8243; _builder_version=&#8221;4.16&#8243; _module_preset=&#8221;default&#8221; custom_padding=&#8221;|||&#8221; global_colors_info=&#8221;{}&#8221; custom_padding__hover=&#8221;|||&#8221;][et_pb_row_inner _builder_version=&#8221;4.17.4&#8243; _module_preset=&#8221;default&#8221; background_color=&#8221;rgba(40,4,0,0.79)&#8221; max_width=&#8221;280px&#8221; custom_margin=&#8221;||||false|false&#8221; custom_padding=&#8221;140px|30px|100px|30px|false|true&#8221; scroll_vertical_motion_enable=&#8221;on&#8221; scroll_vertical_motion=&#8221;0|0|0|50|0|0|-1.5&#8243; motion_trigger_start=&#8221;top&#8221; scroll_vertical_motion_tablet=&#8221;0|0|0|50|0|0|0&#8243; scroll_vertical_motion_phone=&#8221;&#8221; scroll_vertical_motion_last_edited=&#8221;on|tablet&#8221; custom_css_main_element=&#8221;backdrop-filter: blur(12px)&#8221; global_colors_info=&#8221;{}&#8221;][et_pb_column_inner saved_specialty_column_type=&#8221;1_2&#8243; _builder_version=&#8221;4.17.4&#8243; _module_preset=&#8221;default&#8221; global_colors_info=&#8221;{}&#8221;][et_pb_text _builder_version=&#8221;4.17.4&#8243; _module_preset=&#8221;default&#8221; link_font=&#8221;Lora||on||||||&#8221; link_text_color=&#8221;#ffffff&#8221; link_line_height=&#8221;2em&#8221; header_3_font=&#8221;|700||on|||||&#8221; header_3_font_size=&#8221;12px&#8221; header_3_letter_spacing=&#8221;2px&#8221; header_3_line_height=&#8221;1.4em&#8221; background_layout=&#8221;dark&#8221; link_font_size_tablet=&#8221;20px&#8221; link_font_size_phone=&#8221;18px&#8221; link_font_size_last_edited=&#8221;off|desktop&#8221; locked=&#8221;off&#8221; global_colors_info=&#8221;{}&#8221;]<\/p>\n<h3>Tel\u00e9fono<\/h3>\n<p><a href=\"tel: (+351) 232 642 428\">(+351) 232 642 428<\/a><\/p>\n<p>[\/et_pb_text][et_pb_text _builder_version=&#8221;4.17.4&#8243; _module_preset=&#8221;default&#8221; link_font=&#8221;Lora||on||||||&#8221; link_text_color=&#8221;#ffffff&#8221; link_line_height=&#8221;2em&#8221; header_3_font=&#8221;|700||on|||||&#8221; header_3_font_size=&#8221;12px&#8221; header_3_letter_spacing=&#8221;2px&#8221; header_3_line_height=&#8221;1.4em&#8221; background_layout=&#8221;dark&#8221; custom_margin=&#8221;40px||||false|false&#8221; link_font_size_tablet=&#8221;20px&#8221; link_font_size_phone=&#8221;18px&#8221; link_font_size_last_edited=&#8221;on|phone&#8221; locked=&#8221;off&#8221; global_colors_info=&#8221;{}&#8221;]<\/p>\n<h3>Direcci\u00f3n<\/h3>\n<p>Quinta do Serrado<br \/>3550-163 &#8211; Penalva do Castelo<\/p>\n<p>PORTUGAL<\/p>\n<p>[\/et_pb_text][et_pb_text _builder_version=&#8221;4.17.4&#8243; _module_preset=&#8221;default&#8221; link_font=&#8221;Lora||on||||||&#8221; link_text_color=&#8221;#ffffff&#8221; link_line_height=&#8221;2em&#8221; header_3_font=&#8221;|700||on|||||&#8221; header_3_font_size=&#8221;12px&#8221; header_3_letter_spacing=&#8221;2px&#8221; header_3_line_height=&#8221;1.4em&#8221; background_layout=&#8221;dark&#8221; custom_margin=&#8221;40px||||false|false&#8221; link_font_size_tablet=&#8221;20px&#8221; link_font_size_phone=&#8221;18px&#8221; link_font_size_last_edited=&#8221;on|phone&#8221; locked=&#8221;off&#8221; global_colors_info=&#8221;{}&#8221;]<\/p>\n<h3>EMAIL<\/h3>\n<p><a href=\"mailto:%20vinho@tavfer.com\"><span>vinho@tavfer.com<\/span><\/a><\/p>\n<p>[\/et_pb_text][\/et_pb_column_inner][\/et_pb_row_inner][\/et_pb_column][\/et_pb_section][et_pb_section fb_built=&#8221;1&#8243; _builder_version=&#8221;4.17.4&#8243; _module_preset=&#8221;default&#8221; background_color=&#8221;#8f0447&#8243; custom_margin=&#8221;0px||0px||true|false&#8221; custom_padding=&#8221;80px||0px||false|false&#8221; top_divider_style=&#8221;mountains2&#8243; top_divider_color=&#8221;#F9F5F1&#8243; top_divider_height=&#8221;70px&#8221; global_module=&#8221;195&#8243; global_colors_info=&#8221;{}&#8221;][et_pb_row column_structure=&#8221;1_2,1_2&#8243; _builder_version=&#8221;4.17.4&#8243; _module_preset=&#8221;default&#8221; custom_padding=&#8221;||3px|||&#8221; global_colors_info=&#8221;{}&#8221;][et_pb_column type=&#8221;1_2&#8243; _builder_version=&#8221;4.17.4&#8243; _module_preset=&#8221;default&#8221; global_colors_info=&#8221;{}&#8221;][et_pb_image src=&#8221;https:\/\/tavfervinhos.com\/wp-content\/uploads\/2022\/09\/logo-w2.png&#8221; title_text=&#8221;logo-w2&#8243; _builder_version=&#8221;4.17.4&#8243; _module_preset=&#8221;default&#8221; width=&#8221;180px&#8221; global_colors_info=&#8221;{}&#8221;][\/et_pb_image][\/et_pb_column][et_pb_column type=&#8221;1_2&#8243; _builder_version=&#8221;4.17.4&#8243; _module_preset=&#8221;default&#8221; global_colors_info=&#8221;{}&#8221;][et_pb_text _builder_version=&#8221;4.17.4&#8243; _dynamic_attributes=&#8221;link_option_url&#8221; _module_preset=&#8221;default&#8221; text_font=&#8221;Poppins||||on||||&#8221; text_text_color=&#8221;#FFFFFF&#8221; text_orientation=&#8221;right&#8221; custom_margin=&#8221;0px||6px||false|false&#8221; custom_padding=&#8221;0px||0px||true|false&#8221; link_option_url=&#8221;@ET-DC@eyJkeW5hbWljIjp0cnVlLCJjb250ZW50IjoicG9zdF9saW5rX3VybF9wYWdlIiwic2V0dGluZ3MiOnsicG9zdF9pZCI6IjI3In19@&#8221; global_colors_info=&#8221;{}&#8221;]<\/p>\n<p>Sobre nosotros<\/p>\n<p>[\/et_pb_text][et_pb_text _builder_version=&#8221;4.17.4&#8243; _dynamic_attributes=&#8221;link_option_url&#8221; _module_preset=&#8221;default&#8221; text_font=&#8221;Poppins||||on||||&#8221; text_text_color=&#8221;#FFFFFF&#8221; text_orientation=&#8221;right&#8221; custom_margin=&#8221;0px||6px||false|false&#8221; custom_padding=&#8221;0px||0px||true|false&#8221; link_option_url=&#8221;@ET-DC@eyJkeW5hbWljIjp0cnVlLCJjb250ZW50IjoicG9zdF9saW5rX3VybF9wYWdlIiwic2V0dGluZ3MiOnsicG9zdF9pZCI6IjM4In19@&#8221; global_colors_info=&#8221;{}&#8221;]<\/p>\n<p>Fincas<\/p>\n<p>[\/et_pb_text][et_pb_text _builder_version=&#8221;4.17.4&#8243; _dynamic_attributes=&#8221;link_option_url&#8221; _module_preset=&#8221;default&#8221; text_font=&#8221;Poppins||||on||||&#8221; text_text_color=&#8221;#FFFFFF&#8221; text_orientation=&#8221;right&#8221; custom_margin=&#8221;0px||16px||false|false&#8221; custom_padding=&#8221;0px||0px||true|false&#8221; link_option_url=&#8221;@ET-DC@eyJkeW5hbWljIjp0cnVlLCJjb250ZW50IjoicG9zdF9saW5rX3VybF9wYWdlIiwic2V0dGluZ3MiOnsicG9zdF9pZCI6IjQ3In19@&#8221; global_colors_info=&#8221;{}&#8221;]<\/p>\n<p>Contacto<\/p>\n<p>[\/et_pb_text][et_pb_button button_text=&#8221;Tienda&#8221; button_alignment=&#8221;right&#8221; _builder_version=&#8221;4.17.4&#8243; _module_preset=&#8221;default&#8221; custom_button=&#8221;on&#8221; button_text_size=&#8221;14px&#8221; button_text_color=&#8221;#8F0447&#8243; button_bg_color=&#8221;#FFFFFF&#8221; button_border_width=&#8221;0px&#8221; button_border_radius=&#8221;0px&#8221; button_font=&#8221;Poppins||||||||&#8221; button_use_icon=&#8221;off&#8221; custom_margin=&#8221;10px||||false|false&#8221; custom_padding=&#8221;5px|37px|5px|37px|true|true&#8221; global_colors_info=&#8221;{}&#8221;][\/et_pb_button][\/et_pb_column][\/et_pb_row][et_pb_row column_structure=&#8221;1_2,1_2&#8243; _builder_version=&#8221;4.17.4&#8243; _module_preset=&#8221;default&#8221; custom_padding=&#8221;0px||3px|||&#8221; global_colors_info=&#8221;{}&#8221;][et_pb_column type=&#8221;1_2&#8243; _builder_version=&#8221;4.17.4&#8243; _module_preset=&#8221;default&#8221; global_colors_info=&#8221;{}&#8221;][et_pb_text _builder_version=&#8221;4.17.4&#8243; _module_preset=&#8221;default&#8221; text_text_color=&#8221;rgba(255,255,255,0.69)&#8221; custom_margin=&#8221;0px||0px||true|false&#8221; custom_padding=&#8221;0px||0px||true|false&#8221; global_colors_info=&#8221;{}&#8221;]<\/p>\n<p>\u00a9Tavfer Vinhos 2022 &#8211; All rights reserved<\/p>\n<p>[\/et_pb_text][\/et_pb_column][et_pb_column type=&#8221;1_2&#8243; _builder_version=&#8221;4.17.4&#8243; _module_preset=&#8221;default&#8221; global_colors_info=&#8221;{}&#8221;][\/et_pb_column][\/et_pb_row][\/et_pb_section]<\/p>\n","protected":false},"excerpt":{"rendered":"<p>FincasAlto Douro Nuestra estrategia de entrada en la regi\u00f3n demarcada del Duero se centr\u00f3, al igual que en D\u00e3o, en la adquisici\u00f3n de vi\u00f1edos con terroir y un excelente historial de producci\u00f3n de uva, al tiempo que contemplamos nuestros prop\u00f3sitos comerciales a largo plazo Por lo tanto, centramos nuestra b\u00fasqueda en el Valle de Pocinho, [&hellip;]<\/p>\n","protected":false},"author":1,"featured_media":0,"parent":0,"menu_order":0,"comment_status":"closed","ping_status":"closed","template":"","meta":{"_et_pb_use_builder":"on","_et_pb_old_content":"","_et_gb_content_width":"","footnotes":""},"class_list":["post-1410","page","type-page","status-publish","hentry"],"acf":[],"yoast_head":"<!-- This site is optimized with the Yoast SEO plugin v20.8 - https:\/\/yoast.com\/wordpress\/plugins\/seo\/ -->\n<title>Fincas - Tavfer Vinhos<\/title>\n<meta name=\"robots\" content=\"index, follow, max-snippet:-1, max-image-preview:large, max-video-preview:-1\" \/>\n<link rel=\"canonical\" href=\"https:\/\/tavfervinhos.com\/quintas\/\" \/>\n<meta property=\"og:locale\" content=\"es_ES\" \/>\n<meta property=\"og:type\" content=\"article\" \/>\n<meta property=\"og:title\" content=\"Fincas - Tavfer Vinhos\" \/>\n<meta property=\"og:description\" content=\"FincasAlto Douro Nuestra estrategia de entrada en la regi\u00f3n demarcada del Duero se centr\u00f3, al igual que en D\u00e3o, en la adquisici\u00f3n de vi\u00f1edos con terroir y un excelente historial de producci\u00f3n de uva, al tiempo que contemplamos nuestros prop\u00f3sitos comerciales a largo plazo Por lo tanto, centramos nuestra b\u00fasqueda en el Valle de Pocinho, [&hellip;]\" \/>\n<meta property=\"og:url\" content=\"https:\/\/tavfervinhos.com\/quintas\/\" \/>\n<meta property=\"og:site_name\" content=\"Tavfer Vinhos\" \/>\n<meta property=\"article:publisher\" content=\"https:\/\/www.facebook.com\/Tavfer-Vinhos\" \/>\n<meta property=\"article:modified_time\" content=\"2022-10-21T17:10:17+00:00\" \/>\n<meta name=\"twitter:card\" content=\"summary_large_image\" \/>\n<meta name=\"twitter:label1\" content=\"Tiempo de lectura\" \/>\n\t<meta name=\"twitter:data1\" content=\"9 minutos\" \/>\n<script type=\"application\/ld+json\" class=\"yoast-schema-graph\">{\"@context\":\"https:\/\/schema.org\",\"@graph\":[{\"@type\":\"WebPage\",\"@id\":\"https:\/\/tavfervinhos.com\/quintas\/\",\"url\":\"https:\/\/tavfervinhos.com\/quintas\/\",\"name\":\"Fincas - Tavfer Vinhos\",\"isPartOf\":{\"@id\":\"https:\/\/tavfervinhos.com\/#website\"},\"datePublished\":\"2022-09-05T15:47:05+00:00\",\"dateModified\":\"2022-10-21T17:10:17+00:00\",\"breadcrumb\":{\"@id\":\"https:\/\/tavfervinhos.com\/quintas\/#breadcrumb\"},\"inLanguage\":\"es\",\"potentialAction\":[{\"@type\":\"ReadAction\",\"target\":[\"https:\/\/tavfervinhos.com\/quintas\/\"]}]},{\"@type\":\"BreadcrumbList\",\"@id\":\"https:\/\/tavfervinhos.com\/quintas\/#breadcrumb\",\"itemListElement\":[{\"@type\":\"ListItem\",\"position\":1,\"name\":\"In\u00edcio\",\"item\":\"https:\/\/tavfervinhos.com\/\"},{\"@type\":\"ListItem\",\"position\":2,\"name\":\"Fincas\"}]},{\"@type\":\"WebSite\",\"@id\":\"https:\/\/tavfervinhos.com\/#website\",\"url\":\"https:\/\/tavfervinhos.com\/\",\"name\":\"Tavfer Vinhos\",\"description\":\"Tavfer vinhos\",\"publisher\":{\"@id\":\"https:\/\/tavfervinhos.com\/#organization\"},\"potentialAction\":[{\"@type\":\"SearchAction\",\"target\":{\"@type\":\"EntryPoint\",\"urlTemplate\":\"https:\/\/tavfervinhos.com\/?s={search_term_string}\"},\"query-input\":\"required name=search_term_string\"}],\"inLanguage\":\"es\"},{\"@type\":\"Organization\",\"@id\":\"https:\/\/tavfervinhos.com\/#organization\",\"name\":\"Tavfer Vinhos\",\"url\":\"https:\/\/tavfervinhos.com\/\",\"logo\":{\"@type\":\"ImageObject\",\"inLanguage\":\"es\",\"@id\":\"https:\/\/tavfervinhos.com\/#\/schema\/logo\/image\/\",\"url\":\"https:\/\/tavfervinhos.com\/wp-content\/uploads\/2022\/09\/logo.png\",\"contentUrl\":\"https:\/\/tavfervinhos.com\/wp-content\/uploads\/2022\/09\/logo.png\",\"width\":501,\"height\":96,\"caption\":\"Tavfer Vinhos\"},\"image\":{\"@id\":\"https:\/\/tavfervinhos.com\/#\/schema\/logo\/image\/\"},\"sameAs\":[\"https:\/\/www.facebook.com\/Tavfer-Vinhos\"]}]}<\/script>\n<!-- \/ Yoast SEO plugin. -->","yoast_head_json":{"title":"Fincas - Tavfer Vinhos","robots":{"index":"index","follow":"follow","max-snippet":"max-snippet:-1","max-image-preview":"max-image-preview:large","max-video-preview":"max-video-preview:-1"},"canonical":"https:\/\/tavfervinhos.com\/quintas\/","og_locale":"es_ES","og_type":"article","og_title":"Fincas - Tavfer Vinhos","og_description":"FincasAlto Douro Nuestra estrategia de entrada en la regi\u00f3n demarcada del Duero se centr\u00f3, al igual que en D\u00e3o, en la adquisici\u00f3n de vi\u00f1edos con terroir y un excelente historial de producci\u00f3n de uva, al tiempo que contemplamos nuestros prop\u00f3sitos comerciales a largo plazo Por lo tanto, centramos nuestra b\u00fasqueda en el Valle de Pocinho, [&hellip;]","og_url":"https:\/\/tavfervinhos.com\/quintas\/","og_site_name":"Tavfer Vinhos","article_publisher":"https:\/\/www.facebook.com\/Tavfer-Vinhos","article_modified_time":"2022-10-21T17:10:17+00:00","twitter_card":"summary_large_image","twitter_misc":{"Tiempo de lectura":"9 minutos"},"schema":{"@context":"https:\/\/schema.org","@graph":[{"@type":"WebPage","@id":"https:\/\/tavfervinhos.com\/quintas\/","url":"https:\/\/tavfervinhos.com\/quintas\/","name":"Fincas - Tavfer Vinhos","isPartOf":{"@id":"https:\/\/tavfervinhos.com\/#website"},"datePublished":"2022-09-05T15:47:05+00:00","dateModified":"2022-10-21T17:10:17+00:00","breadcrumb":{"@id":"https:\/\/tavfervinhos.com\/quintas\/#breadcrumb"},"inLanguage":"es","potentialAction":[{"@type":"ReadAction","target":["https:\/\/tavfervinhos.com\/quintas\/"]}]},{"@type":"BreadcrumbList","@id":"https:\/\/tavfervinhos.com\/quintas\/#breadcrumb","itemListElement":[{"@type":"ListItem","position":1,"name":"In\u00edcio","item":"https:\/\/tavfervinhos.com\/"},{"@type":"ListItem","position":2,"name":"Fincas"}]},{"@type":"WebSite","@id":"https:\/\/tavfervinhos.com\/#website","url":"https:\/\/tavfervinhos.com\/","name":"Tavfer Vinhos","description":"Tavfer vinhos","publisher":{"@id":"https:\/\/tavfervinhos.com\/#organization"},"potentialAction":[{"@type":"SearchAction","target":{"@type":"EntryPoint","urlTemplate":"https:\/\/tavfervinhos.com\/?s={search_term_string}"},"query-input":"required name=search_term_string"}],"inLanguage":"es"},{"@type":"Organization","@id":"https:\/\/tavfervinhos.com\/#organization","name":"Tavfer Vinhos","url":"https:\/\/tavfervinhos.com\/","logo":{"@type":"ImageObject","inLanguage":"es","@id":"https:\/\/tavfervinhos.com\/#\/schema\/logo\/image\/","url":"https:\/\/tavfervinhos.com\/wp-content\/uploads\/2022\/09\/logo.png","contentUrl":"https:\/\/tavfervinhos.com\/wp-content\/uploads\/2022\/09\/logo.png","width":501,"height":96,"caption":"Tavfer Vinhos"},"image":{"@id":"https:\/\/tavfervinhos.com\/#\/schema\/logo\/image\/"},"sameAs":["https:\/\/www.facebook.com\/Tavfer-Vinhos"]}]}},"_links":{"self":[{"href":"https:\/\/tavfervinhos.com\/es\/wp-json\/wp\/v2\/pages\/1410","targetHints":{"allow":["GET"]}}],"collection":[{"href":"https:\/\/tavfervinhos.com\/es\/wp-json\/wp\/v2\/pages"}],"about":[{"href":"https:\/\/tavfervinhos.com\/es\/wp-json\/wp\/v2\/types\/page"}],"author":[{"embeddable":true,"href":"https:\/\/tavfervinhos.com\/es\/wp-json\/wp\/v2\/users\/1"}],"replies":[{"embeddable":true,"href":"https:\/\/tavfervinhos.com\/es\/wp-json\/wp\/v2\/comments?post=1410"}],"version-history":[{"count":2,"href":"https:\/\/tavfervinhos.com\/es\/wp-json\/wp\/v2\/pages\/1410\/revisions"}],"predecessor-version":[{"id":1412,"href":"https:\/\/tavfervinhos.com\/es\/wp-json\/wp\/v2\/pages\/1410\/revisions\/1412"}],"wp:attachment":[{"href":"https:\/\/tavfervinhos.com\/es\/wp-json\/wp\/v2\/media?parent=1410"}],"curies":[{"name":"wp","href":"https:\/\/api.w.org\/{rel}","templated":true}]}}